{"id":163,"date":"2023-04-24T23:16:23","date_gmt":"2023-04-24T21:16:23","guid":{"rendered":"https:\/\/www.sg-eiche.de\/?page_id=163"},"modified":"2023-11-12T22:49:53","modified_gmt":"2023-11-12T21:49:53","slug":"jugger","status":"publish","type":"page","link":"https:\/\/www.sg-eiche.de\/?page_id=163","title":{"rendered":"Jugger"},"content":{"rendered":"\t\t<div data-elementor-type=\"wp-page\" data-elementor-id=\"163\" class=\"elementor elementor-163\">\n\t\t\t\t\t\t<section class=\"elementor-section elementor-top-section elementor-element elementor-element-6986b15 elementor-section-boxed elementor-section-height-default elementor-section-height-default\" data-id=\"6986b15\" data-element_type=\"section\" data-e-type=\"section\" data-settings=\"{&quot;background_background&quot;:&quot;classic&quot;}\">\n\t\t\t\t\t\t\t<div class=\"elementor-background-overlay\"><\/div>\n\t\t\t\t\t\t\t<div class=\"elementor-container elementor-column-gap-default\">\n\t\t\t\t\t<div class=\"elementor-column elementor-col-100 elementor-top-column elementor-element elementor-element-3efe7fc\" data-id=\"3efe7fc\" data-element_type=\"column\" data-e-type=\"column\">\n\t\t\t<div class=\"elementor-widget-wrap elementor-element-populated\">\n\t\t\t\t\t\t<div class=\"elementor-element elementor-element-d287642 elementor-widget elementor-widget-heading\" data-id=\"d287642\" data-element_type=\"widget\" data-e-type=\"widget\" data-widget_type=\"heading.default\">\n\t\t\t\t<div class=\"elementor-widget-container\">\n\t\t\t\t\t<h1 class=\"elementor-heading-title elementor-size-default\">Jugger<\/h1>\t\t\t\t<\/div>\n\t\t\t\t<\/div>\n\t\t\t\t\t<\/div>\n\t\t<\/div>\n\t\t\t\t\t<\/div>\n\t\t<\/section>\n\t\t\t\t<section class=\"elementor-section elementor-top-section elementor-element elementor-element-ec936b8 elementor-section-boxed elementor-section-height-default elementor-section-height-default\" data-id=\"ec936b8\" data-element_type=\"section\" data-e-type=\"section\">\n\t\t\t\t\t\t<div class=\"elementor-container elementor-column-gap-default\">\n\t\t\t\t\t<div class=\"elementor-column elementor-col-100 elementor-top-column elementor-element elementor-element-4cc1bae\" data-id=\"4cc1bae\" data-element_type=\"column\" data-e-type=\"column\">\n\t\t\t<div class=\"elementor-widget-wrap elementor-element-populated\">\n\t\t\t\t\t\t<div class=\"elementor-element elementor-element-9d15e63 elementor-widget elementor-widget-image\" data-id=\"9d15e63\" data-element_type=\"widget\" data-e-type=\"widget\" data-widget_type=\"image.default\">\n\t\t\t\t<div class=\"elementor-widget-container\">\n\t\t\t\t\t\t\t\t\t\t\t\t\t\t\t<img fetchpriority=\"high\" decoding=\"async\" width=\"768\" height=\"813\" src=\"https:\/\/www.sg-eiche.de\/wp-content\/uploads\/2023\/10\/Jugger_1.jpg\" class=\"attachment-medium_large size-medium_large wp-image-2001\" alt=\"\" \/>\t\t\t\t\t\t\t\t\t\t\t\t\t\t\t<\/div>\n\t\t\t\t<\/div>\n\t\t\t\t<div class=\"elementor-element elementor-element-5b72311 elementor-widget elementor-widget-image\" data-id=\"5b72311\" data-element_type=\"widget\" data-e-type=\"widget\" data-widget_type=\"image.default\">\n\t\t\t\t<div class=\"elementor-widget-container\">\n\t\t\t\t\t\t\t\t\t\t\t\t\t\t\t<img decoding=\"async\" width=\"768\" height=\"813\" src=\"https:\/\/www.sg-eiche.de\/wp-content\/uploads\/2023\/10\/Jugger_2.jpg\" class=\"attachment-medium_large size-medium_large wp-image-2000\" alt=\"\" \/>\t\t\t\t\t\t\t\t\t\t\t\t\t\t\t<\/div>\n\t\t\t\t<\/div>\n\t\t\t\t\t<\/div>\n\t\t<\/div>\n\t\t\t\t\t<\/div>\n\t\t<\/section>\n\t\t\t\t<section class=\"elementor-section elementor-top-section elementor-element elementor-element-2c01b14 elementor-section-boxed elementor-section-height-default elementor-section-height-default\" data-id=\"2c01b14\" data-element_type=\"section\" data-e-type=\"section\">\n\t\t\t\t\t\t<div class=\"elementor-container elementor-column-gap-default\">\n\t\t\t\t\t<div class=\"elementor-column elementor-col-100 elementor-top-column elementor-element elementor-element-b21106c\" data-id=\"b21106c\" data-element_type=\"column\" data-e-type=\"column\">\n\t\t\t<div class=\"elementor-widget-wrap elementor-element-populated\">\n\t\t\t\t\t\t<div class=\"elementor-element elementor-element-b1d34e1 elementor-widget elementor-widget-text-editor\" data-id=\"b1d34e1\" data-element_type=\"widget\" data-e-type=\"widget\" data-widget_type=\"text-editor.default\">\n\t\t\t\t<div class=\"elementor-widget-container\">\n\t\t\t\t\t\t\t\t\t<p>Fairness, Spass am gemeinsamen Sport, Teamgeist und Freundschaftlichkeit stehen beim Juggern an erster Stelle.<\/p>\n<p>Zus\u00e4tzlich zum Training sind wir von Fr\u00fchling bis Herbst turnieraktiv und besuchen an Wochenenden nahezu alle Juggerturniere in gro\u00dfem Umkreis. Au\u00dferdem veranstalten wir selbst j\u00e4hrlich mindestens ein Turnier hier in Darmstadt auf dem Gel\u00e4nde der SG Eiche. F\u00fchle dich herzlich eingeladen an beidem teilzunehmen!<\/p>\n<h3>Trainingszeiten:<\/h3>\n<p>Montag \u2013 19:00 (drau\u00dfen, Flutlicht)<\/p>\n<p>Mittwoch \u2013 19:00 (drau\u00dfen, Flutlicht)<\/p>\n<p>Wir bieten auf Anfrage auch gerne Workshops an! Ob als \u00dcberraschung f\u00fcr das Geburtstagskind, zum blo\u00dfen Kennenlernen des Sports, Teambuilding-Ma\u00dfnahme, zur Erweiterung Ihres Sportangebotes auf Ihrer Veranstaltung oder einfach f\u00fcr eine alternative Freizeitgestaltung mit Freunden!<\/p>\n<p>Kontakt (Abteilungsleitung):<br>Marie Rentergent<br><a href=\"mailto:info@jugger-darmstadt.de\">info@jugger-darmstadt.de<\/a><\/p>\n<p>bzgl. Workshops:<br>Rasmus Westphal<br><a href=\"mailto:workshops@jugger-darmstadt.de\">workshops@jugger-darmstadt.de<\/a><\/p>\n<p>Facebook:&nbsp;<a href=\"https:\/\/www.facebook.com\/Pink-Pain-498708653551726\/\">www.facebook.com\/Pink-Pain-498708653551726\/<br><\/a>Instagramm: <a href=\"https:\/\/www.instagram.com\/juggerdarmstadt\/\">https:\/\/www.instagram.com\/juggerdarmstadt\/<\/a><\/p>\t\t\t\t\t\t\t\t<\/div>\n\t\t\t\t<\/div>\n\t\t\t\t\t<\/div>\n\t\t<\/div>\n\t\t\t\t\t<\/div>\n\t\t<\/section>\n\t\t\t\t<\/div>\n\t\t","protected":false},"excerpt":{"rendered":"<p>Jugger Fairness, Spass am gemeinsamen Sport, Teamgeist und Freundschaftlichkeit stehen beim Juggern an erster Stelle. Zus\u00e4tzlich zum Training sind wir [&hellip;]<\/p>\n","protected":false},"author":1,"featured_media":0,"parent":153,"menu_order":0,"comment_status":"closed","ping_status":"closed","template":"","meta":{"site-sidebar-layout":"no-sidebar","site-content-layout":"page-builder","ast-site-content-layout":"full-width-container","site-content-style":"default","site-sidebar-style":"default","ast-global-header-display":"","ast-banner-title-visibility":"","ast-main-header-display":"","ast-hfb-above-header-display":"","ast-hfb-below-header-display":"","ast-hfb-mobile-header-display":"","site-post-title":"disabled","ast-breadcrumbs-content":"","ast-featured-img":"disabled","footer-sml-layout":"","ast-disable-related-posts":"","theme-transparent-header-meta":"","adv-header-id-meta":"","stick-header-meta":"","header-above-stick-meta":"","header-main-stick-meta":"","header-below-stick-meta":"","astra-migrate-meta-layouts":"default","ast-page-background-enabled":"default","ast-page-background-meta":{"desktop":{"background-color":"var(--ast-global-color-4)","background-image":"","background-repeat":"repeat","background-position":"center center","background-size":"auto","background-attachment":"scroll","background-type":"","background-media":"","overlay-type":"","overlay-color":"","overlay-opacity":"","overlay-gradient":""},"tablet":{"background-color":"","background-image":"","background-repeat":"repeat","background-position":"center center","background-size":"auto","background-attachment":"scroll","background-type":"","background-media":"","overlay-type":"","overlay-color":"","overlay-opacity":"","overlay-gradient":""},"mobile":{"background-color":"","background-image":"","background-repeat":"repeat","background-position":"center center","background-size":"auto","background-attachment":"scroll","background-type":"","background-media":"","overlay-type":"","overlay-color":"","overlay-opacity":"","overlay-gradient":""}},"ast-content-background-meta":{"desktop":{"background-color":"var(--ast-global-color-5)","background-image":"","background-repeat":"repeat","background-position":"center center","background-size":"auto","background-attachment":"scroll","background-type":"","background-media":"","overlay-type":"","overlay-color":"","overlay-opacity":"","overlay-gradient":""},"tablet":{"background-color":"var(--ast-global-color-5)","background-image":"","background-repeat":"repeat","background-position":"center center","background-size":"auto","background-attachment":"scroll","background-type":"","background-media":"","overlay-type":"","overlay-color":"","overlay-opacity":"","overlay-gradient":""},"mobile":{"background-color":"var(--ast-global-color-5)","background-image":"","background-repeat":"repeat","background-position":"center center","background-size":"auto","background-attachment":"scroll","background-type":"","background-media":"","overlay-type":"","overlay-color":"","overlay-opacity":"","overlay-gradient":""}},"footnotes":""},"class_list":["post-163","page","type-page","status-publish","hentry"],"aioseo_notices":[],"_links":{"self":[{"href":"https:\/\/www.sg-eiche.de\/index.php?rest_route=\/wp\/v2\/pages\/163","targetHints":{"allow":["GET"]}}],"collection":[{"href":"https:\/\/www.sg-eiche.de\/index.php?rest_route=\/wp\/v2\/pages"}],"about":[{"href":"https:\/\/www.sg-eiche.de\/index.php?rest_route=\/wp\/v2\/types\/page"}],"author":[{"embeddable":true,"href":"https:\/\/www.sg-eiche.de\/index.php?rest_route=\/wp\/v2\/users\/1"}],"replies":[{"embeddable":true,"href":"https:\/\/www.sg-eiche.de\/index.php?rest_route=%2Fwp%2Fv2%2Fcomments&post=163"}],"version-history":[{"count":28,"href":"https:\/\/www.sg-eiche.de\/index.php?rest_route=\/wp\/v2\/pages\/163\/revisions"}],"predecessor-version":[{"id":2224,"href":"https:\/\/www.sg-eiche.de\/index.php?rest_route=\/wp\/v2\/pages\/163\/revisions\/2224"}],"up":[{"embeddable":true,"href":"https:\/\/www.sg-eiche.de\/index.php?rest_route=\/wp\/v2\/pages\/153"}],"wp:attachment":[{"href":"https:\/\/www.sg-eiche.de\/index.php?rest_route=%2Fwp%2Fv2%2Fmedia&parent=163"}],"curies":[{"name":"wp","href":"https:\/\/api.w.org\/{rel}","templated":true}]}}