{"id":167,"date":"2023-04-24T23:16:59","date_gmt":"2023-04-24T21:16:59","guid":{"rendered":"https:\/\/www.sg-eiche.de\/?page_id=167"},"modified":"2026-01-22T11:40:07","modified_gmt":"2026-01-22T10:40:07","slug":"tennis","status":"publish","type":"page","link":"https:\/\/www.sg-eiche.de\/?page_id=167","title":{"rendered":"Tennis"},"content":{"rendered":"\t\t<div data-elementor-type=\"wp-page\" data-elementor-id=\"167\" class=\"elementor elementor-167\">\n\t\t\t\t\t\t<section class=\"elementor-section elementor-top-section elementor-element elementor-element-674c245 elementor-section-boxed elementor-section-height-default elementor-section-height-default\" data-id=\"674c245\" data-element_type=\"section\" data-e-type=\"section\" data-settings=\"{&quot;background_background&quot;:&quot;classic&quot;}\">\n\t\t\t\t\t\t\t<div class=\"elementor-background-overlay\"><\/div>\n\t\t\t\t\t\t\t<div class=\"elementor-container elementor-column-gap-default\">\n\t\t\t\t\t<div class=\"elementor-column elementor-col-100 elementor-top-column elementor-element elementor-element-519437b\" data-id=\"519437b\" data-element_type=\"column\" data-e-type=\"column\">\n\t\t\t<div class=\"elementor-widget-wrap elementor-element-populated\">\n\t\t\t\t\t\t<div class=\"elementor-element elementor-element-bc3d887 elementor-widget elementor-widget-heading\" data-id=\"bc3d887\" data-element_type=\"widget\" data-e-type=\"widget\" data-widget_type=\"heading.default\">\n\t\t\t\t<div class=\"elementor-widget-container\">\n\t\t\t\t\t<h1 class=\"elementor-heading-title elementor-size-default\">Tennis<\/h1>\t\t\t\t<\/div>\n\t\t\t\t<\/div>\n\t\t\t\t\t<\/div>\n\t\t<\/div>\n\t\t\t\t\t<\/div>\n\t\t<\/section>\n\t\t\t\t<section class=\"elementor-section elementor-top-section elementor-element elementor-element-db1ceac elementor-section-boxed elementor-section-height-default elementor-section-height-default\" data-id=\"db1ceac\" data-element_type=\"section\" data-e-type=\"section\">\n\t\t\t\t\t\t<div class=\"elementor-container elementor-column-gap-default\">\n\t\t\t\t\t<div class=\"elementor-column elementor-col-100 elementor-top-column elementor-element elementor-element-d411e21\" data-id=\"d411e21\" data-element_type=\"column\" data-e-type=\"column\">\n\t\t\t<div class=\"elementor-widget-wrap elementor-element-populated\">\n\t\t\t\t\t\t<div class=\"elementor-element elementor-element-5d75771 elementor-widget elementor-widget-image\" data-id=\"5d75771\" data-element_type=\"widget\" data-e-type=\"widget\" data-widget_type=\"image.default\">\n\t\t\t\t<div class=\"elementor-widget-container\">\n\t\t\t\t\t\t\t\t\t\t\t\t\t\t\t<img fetchpriority=\"high\" decoding=\"async\" width=\"300\" height=\"225\" src=\"https:\/\/www.sg-eiche.de\/wp-content\/uploads\/2023\/10\/Tennis.jpg\" class=\"attachment-medium size-medium wp-image-2038\" alt=\"\" \/>\t\t\t\t\t\t\t\t\t\t\t\t\t\t\t<\/div>\n\t\t\t\t<\/div>\n\t\t\t\t\t<\/div>\n\t\t<\/div>\n\t\t\t\t\t<\/div>\n\t\t<\/section>\n\t\t\t\t<section class=\"elementor-section elementor-top-section elementor-element elementor-element-4ec2bfe elementor-section-boxed elementor-section-height-default elementor-section-height-default\" data-id=\"4ec2bfe\" data-element_type=\"section\" data-e-type=\"section\">\n\t\t\t\t\t\t<div class=\"elementor-container elementor-column-gap-default\">\n\t\t\t\t\t<div class=\"elementor-column elementor-col-100 elementor-top-column elementor-element elementor-element-4fa3d0c\" data-id=\"4fa3d0c\" data-element_type=\"column\" data-e-type=\"column\">\n\t\t\t<div class=\"elementor-widget-wrap elementor-element-populated\">\n\t\t\t\t\t\t<div class=\"elementor-element elementor-element-cefcdc4 elementor-widget elementor-widget-text-editor\" data-id=\"cefcdc4\" data-element_type=\"widget\" data-e-type=\"widget\" data-widget_type=\"text-editor.default\">\n\t\t\t\t<div class=\"elementor-widget-container\">\n\t\t\t\t\t\t\t\t\t<p>Die Tennisabteilung der SG Eiche in der Heimst\u00e4tte ist eine famili\u00e4re Gruppe unterschiedlicher Altersklassen und Spielst\u00e4rken. Vom Anf\u00e4nger bis zum erfahrenen Spieler, von Klein bis Gro\u00df, ist bei uns jeder willkommen!<\/p>\n<p>Unsere Anlage verf\u00fcgt \u00fcber zwei Sandpl\u00e4tze, die im Wettkampfbetrieb und f\u00fcr entspannte Freizeitrunden genutzt werden.<\/p>\n<p>Wir freuen uns \u00fcber ein familienfreundliches Umfeld, sodass Tennis-Freunde und Familie jederzeit willkommen sind. Neben dem Tennissport gibt es regelm\u00e4\u00dfige Angebote f\u00fcr Feiern, Grillpartys und Events. Es gibt eine vollausgestattet H\u00fctte, einen Unterstand, zahlreiche Bierb\u00e4nke und eine Grillstelle direkt neben den Tennispl\u00e4tzen.<\/p>\n<p>Der Spa\u00df am Tennisspielen steht bei uns im Vordergrund und durch die Zusammenarbeit mit der Tennisschule Hannewald Reinis k\u00f6nnen wir jedem einen schnellen Einstieg und Ambitionierten die M\u00f6glichkeit bieten, das Spielniveau zu steigern. Zus\u00e4tzlich haben wir einen laufenden Mannschaftsbetrieb mit Teilnahme in der Medenrunde im Sommer und Winter.<\/p>\n<p>News und anstehende Veranstaltungen werden hier angek\u00fcndigt =&gt;&nbsp;<a title=\"News und Highlights\" href=\"https:\/\/www.sg-eiche.de\">News und Highlights<\/a><\/p>\n<h3>Training:<\/h3>\n<p>Seit der Saison 2025 bieten wir in Zusammenarbeit mit der <strong>Tennisschule Hannewald Reinis<\/strong> Training f\u00fcr alle Alters- und Leistungsklassen an.<\/p>\n<h5><strong>Sommer<\/strong><\/h5>\n<p>Herren-Mannschaft:&nbsp;&nbsp; Mittwoch 17:00 \u2013 20:00 Uhr<\/p>\n<h5><strong>Winter<\/strong><\/h5>\n<p>Im Winter trainieren wir in der Halle des TuS Griesheim.<\/p>\n<p>Die Termine f\u00fcr das Jugendtraining werden noch mit der Tennisschule Hannewald Reinis abgestimmt.<\/p>\n<h3>Mannschaften:<\/h3>\n<p>Hier findet ihr unsere Mannschaften f\u00fcr die Medenrunde und den aktuellen Spielplan:&nbsp;<a title=\"Mannschaften SG Eiche\" href=\"https:\/\/htv.liga.nu\/cgi-bin\/WebObjects\/nuLigaTENDE.woa\/wa\/clubTeams?club=24774\">Mannschaften SG Eiche<\/a><\/p>\n<h3>Interesse?<\/h3>\n<p>Schau doch einfach mal bei uns vorbei &#8211; wir freuen uns auf neue Mitglieder!<\/p>\n<h3>Kontakt:<\/h3>\n<p><strong>Tennisabteilungsleiter:<\/strong> Heiko M\u00fcller (E-Mail: <a href=\"mailto:Heiko-mueller-mueller@web.de\">Heiko-mueller-mueller@web.de<\/a>)<\/p>\n<p><strong>stellv. Abteilungsleiter:<\/strong> Ben Zimmermann (<a href=\"mailto:tennis@sg-eiche.de\">tennis@sg-eiche.de<\/a>)<\/p>\n<p><strong>Sportwart:<\/strong> Adrian Kl\u00f6ppinger (<a href=\"mailto:tennis@sg-eiche.de\">tennis@sg-eiche.de<\/a>)<\/p>\n<p><strong>Tennisschule:<\/strong> Tennisschule Hannewald Reinis (E-Mail: <a href=\"mailto:info@hannewald-reinis.de\">info@hannewald-reinis.de<\/a><\/p>\t\t\t\t\t\t\t\t<\/div>\n\t\t\t\t<\/div>\n\t\t\t\t\t<\/div>\n\t\t<\/div>\n\t\t\t\t\t<\/div>\n\t\t<\/section>\n\t\t\t\t<\/div>\n\t\t","protected":false},"excerpt":{"rendered":"<p>Tennis Die Tennisabteilung der SG Eiche in der Heimst\u00e4tte ist eine famili\u00e4re Gruppe unterschiedlicher Altersklassen und Spielst\u00e4rken. Vom Anf\u00e4nger bis [&hellip;]<\/p>\n","protected":false},"author":1,"featured_media":0,"parent":153,"menu_order":0,"comment_status":"closed","ping_status":"closed","template":"","meta":{"site-sidebar-layout":"no-sidebar","site-content-layout":"page-builder","ast-site-content-layout":"full-width-container","site-content-style":"default","site-sidebar-style":"default","ast-global-header-display":"","ast-banner-title-visibility":"","ast-main-header-display":"","ast-hfb-above-header-display":"","ast-hfb-below-header-display":"","ast-hfb-mobile-header-display":"","site-post-title":"disabled","ast-breadcrumbs-content":"","ast-featured-img":"disabled","footer-sml-layout":"","ast-disable-related-posts":"","theme-transparent-header-meta":"","adv-header-id-meta":"","stick-header-meta":"","header-above-stick-meta":"","header-main-stick-meta":"","header-below-stick-meta":"","astra-migrate-meta-layouts":"default","ast-page-background-enabled":"default","ast-page-background-meta":{"desktop":{"background-color":"var(--ast-global-color-4)","background-image":"","background-repeat":"repeat","background-position":"center center","background-size":"auto","background-attachment":"scroll","background-type":"","background-media":"","overlay-type":"","overlay-color":"","overlay-opacity":"","overlay-gradient":""},"tablet":{"background-color":"","background-image":"","background-repeat":"repeat","background-position":"center center","background-size":"auto","background-attachment":"scroll","background-type":"","background-media":"","overlay-type":"","overlay-color":"","overlay-opacity":"","overlay-gradient":""},"mobile":{"background-color":"","background-image":"","background-repeat":"repeat","background-position":"center center","background-size":"auto","background-attachment":"scroll","background-type":"","background-media":"","overlay-type":"","overlay-color":"","overlay-opacity":"","overlay-gradient":""}},"ast-content-background-meta":{"desktop":{"background-color":"var(--ast-global-color-5)","background-image":"","background-repeat":"repeat","background-position":"center center","background-size":"auto","background-attachment":"scroll","background-type":"","background-media":"","overlay-type":"","overlay-color":"","overlay-opacity":"","overlay-gradient":""},"tablet":{"background-color":"var(--ast-global-color-5)","background-image":"","background-repeat":"repeat","background-position":"center center","background-size":"auto","background-attachment":"scroll","background-type":"","background-media":"","overlay-type":"","overlay-color":"","overlay-opacity":"","overlay-gradient":""},"mobile":{"background-color":"var(--ast-global-color-5)","background-image":"","background-repeat":"repeat","background-position":"center center","background-size":"auto","background-attachment":"scroll","background-type":"","background-media":"","overlay-type":"","overlay-color":"","overlay-opacity":"","overlay-gradient":""}},"footnotes":""},"class_list":["post-167","page","type-page","status-publish","hentry"],"aioseo_notices":[],"_links":{"self":[{"href":"https:\/\/www.sg-eiche.de\/index.php?rest_route=\/wp\/v2\/pages\/167","targetHints":{"allow":["GET"]}}],"collection":[{"href":"https:\/\/www.sg-eiche.de\/index.php?rest_route=\/wp\/v2\/pages"}],"about":[{"href":"https:\/\/www.sg-eiche.de\/index.php?rest_route=\/wp\/v2\/types\/page"}],"author":[{"embeddable":true,"href":"https:\/\/www.sg-eiche.de\/index.php?rest_route=\/wp\/v2\/users\/1"}],"replies":[{"embeddable":true,"href":"https:\/\/www.sg-eiche.de\/index.php?rest_route=%2Fwp%2Fv2%2Fcomments&post=167"}],"version-history":[{"count":26,"href":"https:\/\/www.sg-eiche.de\/index.php?rest_route=\/wp\/v2\/pages\/167\/revisions"}],"predecessor-version":[{"id":3160,"href":"https:\/\/www.sg-eiche.de\/index.php?rest_route=\/wp\/v2\/pages\/167\/revisions\/3160"}],"up":[{"embeddable":true,"href":"https:\/\/www.sg-eiche.de\/index.php?rest_route=\/wp\/v2\/pages\/153"}],"wp:attachment":[{"href":"https:\/\/www.sg-eiche.de\/index.php?rest_route=%2Fwp%2Fv2%2Fmedia&parent=167"}],"curies":[{"name":"wp","href":"https:\/\/api.w.org\/{rel}","templated":true}]}}