{"id":180,"date":"2023-04-24T23:24:23","date_gmt":"2023-04-24T21:24:23","guid":{"rendered":"https:\/\/www.sg-eiche.de\/?page_id=180"},"modified":"2025-10-08T16:39:07","modified_gmt":"2025-10-08T14:39:07","slug":"unsere-philosophie","status":"publish","type":"page","link":"https:\/\/www.sg-eiche.de\/?page_id=180","title":{"rendered":"Unsere Philosophie"},"content":{"rendered":"\t\t<div data-elementor-type=\"wp-page\" data-elementor-id=\"180\" class=\"elementor elementor-180\">\n\t\t\t\t\t\t<section class=\"elementor-section elementor-top-section elementor-element elementor-element-bb3109a elementor-section-boxed elementor-section-height-default elementor-section-height-default\" data-id=\"bb3109a\" data-element_type=\"section\" data-e-type=\"section\" data-settings=\"{&quot;background_background&quot;:&quot;classic&quot;}\">\n\t\t\t\t\t\t\t<div class=\"elementor-background-overlay\"><\/div>\n\t\t\t\t\t\t\t<div class=\"elementor-container elementor-column-gap-default\">\n\t\t\t\t\t<div class=\"elementor-column elementor-col-100 elementor-top-column elementor-element elementor-element-c1b09e2\" data-id=\"c1b09e2\" data-element_type=\"column\" data-e-type=\"column\">\n\t\t\t<div class=\"elementor-widget-wrap elementor-element-populated\">\n\t\t\t\t\t\t<div class=\"elementor-element elementor-element-e4d0cce elementor-widget elementor-widget-heading\" data-id=\"e4d0cce\" data-element_type=\"widget\" data-e-type=\"widget\" data-widget_type=\"heading.default\">\n\t\t\t\t<div class=\"elementor-widget-container\">\n\t\t\t\t\t<h1 class=\"elementor-heading-title elementor-size-default\">Unsere Philosophie<\/h1>\t\t\t\t<\/div>\n\t\t\t\t<\/div>\n\t\t\t\t\t<\/div>\n\t\t<\/div>\n\t\t\t\t\t<\/div>\n\t\t<\/section>\n\t\t\t\t<section class=\"elementor-section elementor-top-section elementor-element elementor-element-99ab825 elementor-section-boxed elementor-section-height-default elementor-section-height-default\" data-id=\"99ab825\" data-element_type=\"section\" data-e-type=\"section\">\n\t\t\t\t\t\t<div class=\"elementor-container elementor-column-gap-default\">\n\t\t\t\t\t<div class=\"elementor-column elementor-col-100 elementor-top-column elementor-element elementor-element-4497847\" data-id=\"4497847\" data-element_type=\"column\" data-e-type=\"column\">\n\t\t\t<div class=\"elementor-widget-wrap elementor-element-populated\">\n\t\t\t\t\t\t<div class=\"elementor-element elementor-element-7f2d228 elementor-widget elementor-widget-text-editor\" data-id=\"7f2d228\" data-element_type=\"widget\" data-e-type=\"widget\" data-widget_type=\"text-editor.default\">\n\t\t\t\t<div class=\"elementor-widget-container\">\n\t\t\t\t\t\t\t\t\t<p>Die Sportgemeinschaft SG Eiche Darmstadt 1951 e.V. z\u00e4hlt zurzeit knapp 750 Mitglieder; bei einer Einwohnerzahl im Stadtteil Heimst\u00e4ttensiedlung von fast 7.400 ist nahezu jeder 14. Bewohner der Heimst\u00e4ttensiedlung Mitglied in der Sportgemeinschaft.<\/p>\n<p>Unser Verein hat es sich u.a. zur Aufgabe gemacht, sich sozial zu engagieren und jedem Sportinteressierten die Teilhabe am Vereinssport zu erm\u00f6glichen. So gibt es in unserem Verein verschiedene Projekte wie zum Beispiel: \u201eSport f\u00fcr alle Kinder\u201c, \u201eSport gegen Kinderarmut\u201c, \u201eIntegration durch Sport\u201c, \u201eSport verbindet\u201c, \u201eSport verbindet alle Menschen und Kulturen\u201c und unser neuestes Projekt \u201eInklusion einfach machen (Spiel und Spass durch Bewegung in der Gemeinschaft und im Sportverein). In den Projekten \u201eSport f\u00fcr alle Kinder\u201c und \u201eSport gegen Kinderarmut\u201c erm\u00f6glicht unser Verein derzeit 40 sozial benachteiligten Kindern und Jugendlichen die beitragsfreie Teilhabe am Sport in unserem Verein, unabh\u00e4ngig von der finanziellen Situation ihrer Familie. Urspr\u00fcnglich sollten in diesem Projekt jeweils 15 Kinder- und Jugendliche aus einkommensschwachen Familien erreicht werden, bei denen ein besonderer Unterst\u00fctzungsbedarf besteht, mittlerweile sind es jedoch 40 Kinder- und Jugendliche, die einen Unterst\u00fctzungsbedarf ben\u00f6tigen, um ihren Sport auszu\u00fcben.<\/p>\n<p>Auch im Erwachsenenbereich untermauern wir unser soziales Engagement, in dem wir seit Mai 2014 einer Gruppe von 25 jungen somalischen Fl\u00fcchtlingen eine neue sportliche Heimat gaben und sie in unserem Verein voll integriert haben. Im Mai 2015 ist unser Verein eine weitere Kooperation eingegangen. Diesmal gaben wir 15 nepalesischen Studenten eine neue sportliche Heimat. Gerade in dieser schwierigen Zeit (Erdbeben in Nepal, Sorge um die Familien in Nepal, etc.) war es unserem Verein wichtig Solidarit\u00e4t und Mitgef\u00fchl zu zeigen und unseren nepalesischen Mitb\u00fcrgern das Gef\u00fchl zu vermitteln nicht alleine zu sein, denn gemeinsam sind wir stark und Sport verbindet alle Menschen. Im August 2015 kam eine weitere Kooperation dazu. Diesmal mit 20 afrikanischen Studenten aus Kamerun (SV Kamerun Darmstadt). Diese gehen ihrer Sportbegeisterung, der Fu\u00dfballleidenschaft, auf unserem Sportgel\u00e4nde nach. In nur wenigen Monaten hat sich ein freundschaftliches Verh\u00e4ltnis zwischen den Sportlern entwickelt, das bis heute andauert.<\/p>\n<h2>Unsere Abteilungen<\/h2>\n<p>Aus der Tradition heraus galt \u00fcber Jahrzehnte dem Fu\u00dfball das gr\u00f6\u00dfte Augenmerk. Hier wird seit Jahren \u2013 insbesondere im Jugendbereich \u2013 wertvolle Arbeit geleistet. Mit 14 Jugendmann-schaften und 1 Aktiven-Mannschaft rollt der Ball auf den 3 Fu\u00dfballpl\u00e4tzen der SG Eiche Darmstadt. Gerade im Jugendfu\u00dfballbereich bieten wir unseren Kindern- und Jugendlichen ein vielf\u00e4ltiges Freizeitangebot.<\/p>\n<p>Anfang der 80-iger Jahre gr\u00fcndete sich die Tanzsport- und Karnevalsabteilung, die mittlerweile \u00fcber 150 Abteilungsmitglieder umfasst. Sie ist nicht nur f\u00fcr ihre gesellschaftlichen Fastnachtsveranstaltungen bekannt, sondern auch f\u00fcr ihre hervorragende Jugendarbeit. Der Jugendanteil in der Karnevalsabteilung liegt deutlich \u00fcber 50%, so dass es bei den Garden und dem Trommlerzug keine Nachwuchsprobleme gibt. Bekannt ist die Karnevalsabteilung auch f\u00fcr ihre kulturellen Darbietungen in der Fastnachtszeit. So findet eigens f\u00fcr die \u201e\u00e4lteren Bewohner\u201c Darmstadts eine Seniorensitzung statt. Hier k\u00f6nnen wir seit mehr als acht Jahren mehr als 250 G\u00e4ste begr\u00fc\u00dfen und mit Ihnen erlebnisreiche Stunden verbringen. Aus der damaligen Seniorensitzung ist mittlerweile der Kreppelnachmittag der Tanzsport- und Karnevalabteilung geworden.<\/p>\n<p>Ein weiteres Standbein ist die gro\u00dfe Gymnastikabteilung, die ihre sportlichen Aktivit\u00e4ten u. a. in der vereinseigenen Sporthalle aus\u00fcbt. Hier steht an vorderster Stelle das Kinder-Turnen. Hier werden den j\u00fcngsten Abteilungsmitgliedern u.a. Koordination und Bewegungs\u00fcbungen n\u00e4her gebracht. Die spielerischen Komponenten sind ein wesentlicher Bestandteil der Trainings- und \u00dcbungseinheiten. Zus\u00e4tzlich bieten unsere lizenzierten \u00dcbungsleiter weitere Fitness- und Gesundheitskurse an. Aufgrund der Vielfalt im Turnbereich und durch die stetige Fortbildung unserer \u00dcbungsleiter wurde unserem Verein schon mehrmals das G\u00fctesiegel \u201eSport Pro Gesundheit\u201c verliehen. Auch Neuerungen wie zum Beispiel Zumba, R\u00fcckenschulung, Sturzpr\u00e4vention oder Power-Aerobic stehen unseren \u00dcbungsleitern positiv gegen\u00fcber und bieten dies unseren Mitgliedern, aber auch Nichtmitgliedern an.<\/p>\n<p>Die Tennismitglieder k\u00f6nnen derzeit auf 2 Tennispl\u00e4tzen ihrer Leidenschaft nachgehen. Im Bereich des Tennissports besteht eine Kooperation mit der Friedrich-Ebert-Schule Darmstadt, der Wilhelm-Leuschner-Schule sowie der Kindertagesst\u00e4tte Wurzel in der Heimst\u00e4ttensiedlung.<\/p>\n<p>Die Wanderabteilung hier liegt die Altersstruktur zwischen 50 und 85 Jahre. Hier finden regelm\u00e4\u00dfig Wanderungen statt, die nicht nur die Erhaltung und Steigerung der eigenen Leistungsf\u00e4higkeit zum Ziel haben, der kulturelle und gesellige Aspekt ist ebenso erw\u00e4hnenswert. Ferner bietet die Wanderabteilung mehrere Tagesausfl\u00fcge im Jahr an. Als H\u00f6hepunkt ist die j\u00e4hrliche Wanderfreizeit zu betrachten, die \u00fcber ein verl\u00e4ngertes Wochenende geht.<\/p>\n<p>Seit dem 01.12.2016 verf\u00fcgt unser Verein auch \u00fcber eine Jugger-Abteilung. Hier gehen haupts\u00e4chlich \u201ejunge Erwachsene\u201c ihrer Sportleidenschaft nach. Im Jahr 2018 fanden auf dem Sport-gel\u00e4nde der SG Eiche Darmstadt 1951 e.V. die Jugger-Weltmeisterschaft statt. Hier konnten wir \u00fcber 400 Teilnehmer begr\u00fc\u00dfen, die ihrer Leidenschaft an diesem Wochenende nachgingen. Die Mitgliedsst\u00e4rke dieser Abteilung liegt bei rund 30 Mitgliedern.<\/p>\n<h2>Unsere Menschen<\/h2>\n<p>Hinter all diesen Aktivit\u00e4ten stehen viele Menschen, die den Betrieb des Vereins am Laufen halten. An der Spitze ehrenamtliche Vorst\u00e4nde mit einem sehr umfassenden und vielf\u00e4ltigen Aufgabengebiet. Daneben die Leiter\/innen der Abteilungen, die das jeweilige Sportangebot gestalten. Besonders zu erw\u00e4hnen sind die Trainer\/innen und \u00dcbungsleiter\/innen, die sich um den fachlichen Bereich k\u00fcmmern und die sich durch Fortbildungen stets weiterbilden. Und last but not least die Helferinnen und Helfer, die in den verschiedensten Gremien und Aussch\u00fcssen mitarbeiten.<\/p>\n<h2>Unsere St\u00e4rken<\/h2>\n<p>Neben seinen sportlichen und kulturellen Aktivit\u00e4ten tr\u00e4gt die Sportgemeinschaft Eiche Darmstadt 1951 e.V. nicht unerheblich zum gesellschaftlichen Leben innerhalb des S\u00fcdwesten Darmstadts bei. Mit einer Vielzahl an Veranstaltungen bem\u00fcht sich der Verein, das gesellige gemeinschaftliche Miteinander zu pflegen und Traditionen zu erhalten. Der Verein ist ein fester und unver-zichtbarer Teil der Darmst\u00e4dter Gesellschaft. Insgesamt ist es Ziel der SG Eiche Darmstadt 1951 e.V., allen Interessenten die M\u00f6glichkeit zu geben, sich sportlich zu bet\u00e4tigen. Und dies unabh\u00e4ngig davon, ob sportliches Talent erkennbar ist oder Probleme mit der Finanzierung des Vereinsbeitrages bestehen. Die Sportgemeinschaft Eiche Darmstadt 1951 e.V. sieht sich als einen Mehrspartenverein, der durch sein attraktives Breitensportangebot seinen Mitgliedern viele Facetten des Sports anbieten kann.<\/p>\t\t\t\t\t\t\t\t<\/div>\n\t\t\t\t<\/div>\n\t\t\t\t\t<\/div>\n\t\t<\/div>\n\t\t\t\t\t<\/div>\n\t\t<\/section>\n\t\t\t\t<\/div>\n\t\t","protected":false},"excerpt":{"rendered":"<p>Unsere Philosophie Die Sportgemeinschaft SG Eiche Darmstadt 1951 e.V. z\u00e4hlt zurzeit knapp 750 Mitglieder; bei einer Einwohnerzahl im Stadtteil Heimst\u00e4ttensiedlung [&hellip;]<\/p>\n","protected":false},"author":1,"featured_media":0,"parent":157,"menu_order":0,"comment_status":"closed","ping_status":"closed","template":"","meta":{"site-sidebar-layout":"no-sidebar","site-content-layout":"page-builder","ast-site-content-layout":"full-width-container","site-content-style":"default","site-sidebar-style":"default","ast-global-header-display":"","ast-banner-title-visibility":"","ast-main-header-display":"","ast-hfb-above-header-display":"","ast-hfb-below-header-display":"","ast-hfb-mobile-header-display":"","site-post-title":"disabled","ast-breadcrumbs-content":"","ast-featured-img":"disabled","footer-sml-layout":"","ast-disable-related-posts":"","theme-transparent-header-meta":"","adv-header-id-meta":"","stick-header-meta":"","header-above-stick-meta":"","header-main-stick-meta":"","header-below-stick-meta":"","astra-migrate-meta-layouts":"default","ast-page-background-enabled":"default","ast-page-background-meta":{"desktop":{"background-color":"var(--ast-global-color-4)","background-image":"","background-repeat":"repeat","background-position":"center center","background-size":"auto","background-attachment":"scroll","background-type":"","background-media":"","overlay-type":"","overlay-color":"","overlay-opacity":"","overlay-gradient":""},"tablet":{"background-color":"","background-image":"","background-repeat":"repeat","background-position":"center center","background-size":"auto","background-attachment":"scroll","background-type":"","background-media":"","overlay-type":"","overlay-color":"","overlay-opacity":"","overlay-gradient":""},"mobile":{"background-color":"","background-image":"","background-repeat":"repeat","background-position":"center center","background-size":"auto","background-attachment":"scroll","background-type":"","background-media":"","overlay-type":"","overlay-color":"","overlay-opacity":"","overlay-gradient":""}},"ast-content-background-meta":{"desktop":{"background-color":"var(--ast-global-color-5)","background-image":"","background-repeat":"repeat","background-position":"center center","background-size":"auto","background-attachment":"scroll","background-type":"","background-media":"","overlay-type":"","overlay-color":"","overlay-opacity":"","overlay-gradient":""},"tablet":{"background-color":"var(--ast-global-color-5)","background-image":"","background-repeat":"repeat","background-position":"center center","background-size":"auto","background-attachment":"scroll","background-type":"","background-media":"","overlay-type":"","overlay-color":"","overlay-opacity":"","overlay-gradient":""},"mobile":{"background-color":"var(--ast-global-color-5)","background-image":"","background-repeat":"repeat","background-position":"center center","background-size":"auto","background-attachment":"scroll","background-type":"","background-media":"","overlay-type":"","overlay-color":"","overlay-opacity":"","overlay-gradient":""}},"footnotes":""},"class_list":["post-180","page","type-page","status-publish","hentry"],"aioseo_notices":[],"_links":{"self":[{"href":"https:\/\/www.sg-eiche.de\/index.php?rest_route=\/wp\/v2\/pages\/180","targetHints":{"allow":["GET"]}}],"collection":[{"href":"https:\/\/www.sg-eiche.de\/index.php?rest_route=\/wp\/v2\/pages"}],"about":[{"href":"https:\/\/www.sg-eiche.de\/index.php?rest_route=\/wp\/v2\/types\/page"}],"author":[{"embeddable":true,"href":"https:\/\/www.sg-eiche.de\/index.php?rest_route=\/wp\/v2\/users\/1"}],"replies":[{"embeddable":true,"href":"https:\/\/www.sg-eiche.de\/index.php?rest_route=%2Fwp%2Fv2%2Fcomments&post=180"}],"version-history":[{"count":19,"href":"https:\/\/www.sg-eiche.de\/index.php?rest_route=\/wp\/v2\/pages\/180\/revisions"}],"predecessor-version":[{"id":2995,"href":"https:\/\/www.sg-eiche.de\/index.php?rest_route=\/wp\/v2\/pages\/180\/revisions\/2995"}],"up":[{"embeddable":true,"href":"https:\/\/www.sg-eiche.de\/index.php?rest_route=\/wp\/v2\/pages\/157"}],"wp:attachment":[{"href":"https:\/\/www.sg-eiche.de\/index.php?rest_route=%2Fwp%2Fv2%2Fmedia&parent=180"}],"curies":[{"name":"wp","href":"https:\/\/api.w.org\/{rel}","templated":true}]}}