{"id":1832,"date":"2020-04-13T11:18:54","date_gmt":"2020-04-13T11:18:54","guid":{"rendered":"https:\/\/www.sg-eiche.de\/?page_id=1832"},"modified":"2026-01-11T21:19:19","modified_gmt":"2026-01-11T20:19:19","slug":"home","status":"publish","type":"page","link":"https:\/\/www.sg-eiche.de\/","title":{"rendered":"Home"},"content":{"rendered":"\t\t<div data-elementor-type=\"wp-page\" data-elementor-id=\"1832\" class=\"elementor elementor-1832\">\n\t\t\t\t\t\t<section class=\"elementor-section elementor-top-section elementor-element elementor-element-5939a86c elementor-section-height-min-height elementor-section-boxed elementor-section-height-default elementor-section-items-middle\" data-id=\"5939a86c\" data-element_type=\"section\" data-e-type=\"section\" data-settings=\"{&quot;background_background&quot;:&quot;classic&quot;}\">\n\t\t\t\t\t\t\t<div class=\"elementor-background-overlay\"><\/div>\n\t\t\t\t\t\t\t<div class=\"elementor-container elementor-column-gap-no\">\n\t\t\t\t\t<div class=\"elementor-column elementor-col-100 elementor-top-column elementor-element elementor-element-6f6a47a9\" data-id=\"6f6a47a9\" data-element_type=\"column\" data-e-type=\"column\">\n\t\t\t<div class=\"elementor-widget-wrap elementor-element-populated\">\n\t\t\t\t\t\t<div class=\"elementor-element elementor-element-74d36843 elementor-widget elementor-widget-heading\" data-id=\"74d36843\" data-element_type=\"widget\" data-e-type=\"widget\" data-widget_type=\"heading.default\">\n\t\t\t\t<div class=\"elementor-widget-container\">\n\t\t\t\t\t<h2 class=\"elementor-heading-title elementor-size-default\">Herzlich Willkommen!<\/h2>\t\t\t\t<\/div>\n\t\t\t\t<\/div>\n\t\t\t\t<div class=\"elementor-element elementor-element-da98eec elementor-widget elementor-widget-image-box\" data-id=\"da98eec\" data-element_type=\"widget\" data-e-type=\"widget\" data-widget_type=\"image-box.default\">\n\t\t\t\t<div class=\"elementor-widget-container\">\n\t\t\t\t\t<div class=\"elementor-image-box-wrapper\"><div class=\"elementor-image-box-content\"><h1 class=\"elementor-image-box-title\">SG Eiche Darmstadt<\/h1><p class=\"elementor-image-box-description\">Die Sportgemeinschaft Eiche Darmstadt 1951 e.V. besteht aus verschiedensten Abteilungen mit zurzeit knapp 750 Mitgliedern. Bei einer Einwohnerzahl von fast 7400 Menschen im Stadtteil Heimst\u00e4ttensiedlung ist somit nahezu jeder 10. Bewohner Mitglied in der Sportgemeinschaft.<\/p><\/div><\/div>\t\t\t\t<\/div>\n\t\t\t\t<\/div>\n\t\t\t\t<section class=\"elementor-section elementor-inner-section elementor-element elementor-element-143e9c37 elementor-section-boxed elementor-section-height-default elementor-section-height-default\" data-id=\"143e9c37\" data-element_type=\"section\" data-e-type=\"section\">\n\t\t\t\t\t\t<div class=\"elementor-container elementor-column-gap-default\">\n\t\t\t\t\t<div class=\"elementor-column elementor-col-50 elementor-inner-column elementor-element elementor-element-5acde085\" data-id=\"5acde085\" data-element_type=\"column\" data-e-type=\"column\">\n\t\t\t<div class=\"elementor-widget-wrap elementor-element-populated\">\n\t\t\t\t\t\t<div class=\"elementor-element elementor-element-31fcced2 elementor-align-center elementor-mobile-align-center elementor-widget elementor-widget-button\" data-id=\"31fcced2\" data-element_type=\"widget\" data-e-type=\"widget\" data-widget_type=\"button.default\">\n\t\t\t\t<div class=\"elementor-widget-container\">\n\t\t\t\t\t\t\t\t\t<div class=\"elementor-button-wrapper\">\n\t\t\t\t\t<a class=\"elementor-button elementor-button-link elementor-size-lg\" href=\"\/?page_id=153\">\n\t\t\t\t\t\t<span class=\"elementor-button-content-wrapper\">\n\t\t\t\t\t\t\t\t\t<span class=\"elementor-button-text\">Abteilungen<\/span>\n\t\t\t\t\t<\/span>\n\t\t\t\t\t<\/a>\n\t\t\t\t<\/div>\n\t\t\t\t\t\t\t\t<\/div>\n\t\t\t\t<\/div>\n\t\t\t\t\t<\/div>\n\t\t<\/div>\n\t\t\t\t<div class=\"elementor-column elementor-col-50 elementor-inner-column elementor-element elementor-element-6e649c\" data-id=\"6e649c\" data-element_type=\"column\" data-e-type=\"column\">\n\t\t\t<div class=\"elementor-widget-wrap elementor-element-populated\">\n\t\t\t\t\t\t<div class=\"elementor-element elementor-element-5b930ae3 elementor-align-center elementor-mobile-align-center elementor-widget elementor-widget-button\" data-id=\"5b930ae3\" data-element_type=\"widget\" data-e-type=\"widget\" data-widget_type=\"button.default\">\n\t\t\t\t<div class=\"elementor-widget-container\">\n\t\t\t\t\t\t\t\t\t<div class=\"elementor-button-wrapper\">\n\t\t\t\t\t<a class=\"elementor-button elementor-button-link elementor-size-lg\" href=\"\/?page_id=157\">\n\t\t\t\t\t\t<span class=\"elementor-button-content-wrapper\">\n\t\t\t\t\t\t\t\t\t<span class=\"elementor-button-text\">\u00dcber uns<\/span>\n\t\t\t\t\t<\/span>\n\t\t\t\t\t<\/a>\n\t\t\t\t<\/div>\n\t\t\t\t\t\t\t\t<\/div>\n\t\t\t\t<\/div>\n\t\t\t\t\t<\/div>\n\t\t<\/div>\n\t\t\t\t\t<\/div>\n\t\t<\/section>\n\t\t\t\t\t<\/div>\n\t\t<\/div>\n\t\t\t\t\t<\/div>\n\t\t<\/section>\n\t\t\t\t<section class=\"elementor-section elementor-top-section elementor-element elementor-element-cab7d99 elementor-section-boxed elementor-section-height-default elementor-section-height-default\" data-id=\"cab7d99\" data-element_type=\"section\" data-e-type=\"section\">\n\t\t\t\t\t\t<div class=\"elementor-container elementor-column-gap-default\">\n\t\t\t\t\t<div class=\"elementor-column elementor-col-100 elementor-top-column elementor-element elementor-element-9464be0\" data-id=\"9464be0\" data-element_type=\"column\" data-e-type=\"column\">\n\t\t\t<div class=\"elementor-widget-wrap elementor-element-populated\">\n\t\t\t\t\t\t<div class=\"elementor-element elementor-element-979d9dd elementor-widget elementor-widget-spacer\" data-id=\"979d9dd\" data-element_type=\"widget\" data-e-type=\"widget\" data-widget_type=\"spacer.default\">\n\t\t\t\t<div class=\"elementor-widget-container\">\n\t\t\t\t\t\t\t<div class=\"elementor-spacer\">\n\t\t\t<div class=\"elementor-spacer-inner\"><\/div>\n\t\t<\/div>\n\t\t\t\t\t\t<\/div>\n\t\t\t\t<\/div>\n\t\t\t\t\t<\/div>\n\t\t<\/div>\n\t\t\t\t\t<\/div>\n\t\t<\/section>\n\t\t\t\t<section class=\"elementor-section elementor-top-section elementor-element elementor-element-17ed0e8 elementor-section-boxed elementor-section-height-default elementor-section-height-default\" data-id=\"17ed0e8\" data-element_type=\"section\" data-e-type=\"section\">\n\t\t\t\t\t\t<div class=\"elementor-container elementor-column-gap-default\">\n\t\t\t\t\t<div class=\"elementor-column elementor-col-100 elementor-top-column elementor-element elementor-element-6990bdb\" data-id=\"6990bdb\" data-element_type=\"column\" data-e-type=\"column\">\n\t\t\t<div class=\"elementor-widget-wrap elementor-element-populated\">\n\t\t\t\t\t\t<div class=\"elementor-element elementor-element-0cfad43 elementor-widget elementor-widget-heading\" data-id=\"0cfad43\" data-element_type=\"widget\" data-e-type=\"widget\" data-widget_type=\"heading.default\">\n\t\t\t\t<div class=\"elementor-widget-container\">\n\t\t\t\t\t<h1 class=\"elementor-heading-title elementor-size-default\">News und Termine<br><\/h1>\t\t\t\t<\/div>\n\t\t\t\t<\/div>\n\t\t\t\t<div class=\"elementor-element elementor-element-377a845 elementor-widget-divider--view-line elementor-widget elementor-widget-divider\" data-id=\"377a845\" data-element_type=\"widget\" data-e-type=\"widget\" data-widget_type=\"divider.default\">\n\t\t\t\t<div class=\"elementor-widget-container\">\n\t\t\t\t\t\t\t<div class=\"elementor-divider\">\n\t\t\t<span class=\"elementor-divider-separator\">\n\t\t\t\t\t\t<\/span>\n\t\t<\/div>\n\t\t\t\t\t\t<\/div>\n\t\t\t\t<\/div>\n\t\t\t\t\t<\/div>\n\t\t<\/div>\n\t\t\t\t\t<\/div>\n\t\t<\/section>\n\t\t\t\t<section class=\"elementor-section elementor-top-section elementor-element elementor-element-7508b28 elementor-section-boxed elementor-section-height-default elementor-section-height-default\" data-id=\"7508b28\" data-element_type=\"section\" data-e-type=\"section\">\n\t\t\t\t\t\t<div class=\"elementor-container elementor-column-gap-default\">\n\t\t\t\t\t<div class=\"elementor-column elementor-col-100 elementor-top-column elementor-element elementor-element-46980d4\" data-id=\"46980d4\" data-element_type=\"column\" data-e-type=\"column\">\n\t\t\t<div class=\"elementor-widget-wrap elementor-element-populated\">\n\t\t\t\t\t\t<div class=\"elementor-element elementor-element-4d86aa6 elementor-widget elementor-widget-heading\" data-id=\"4d86aa6\" data-element_type=\"widget\" data-e-type=\"widget\" data-widget_type=\"heading.default\">\n\t\t\t\t<div class=\"elementor-widget-container\">\n\t\t\t\t\t<h2 class=\"elementor-heading-title elementor-size-default\">Einladung zur Jahreshauptversammlung 2025<\/h2>\t\t\t\t<\/div>\n\t\t\t\t<\/div>\n\t\t\t\t<div class=\"elementor-element elementor-element-8192684 elementor-widget elementor-widget-text-editor\" data-id=\"8192684\" data-element_type=\"widget\" data-e-type=\"widget\" data-widget_type=\"text-editor.default\">\n\t\t\t\t<div class=\"elementor-widget-container\">\n\t\t\t\t\t\t\t\t\t<p>Liebe Vereinsmitglieder,<\/p><p>wir laden Euch zur diesj\u00e4hrigen ordentlichen Mitgliederversammlung am <strong>Mittwoch, den 17.12.2025, um 18:30 Uhr in der Sporthalle der SG Eiche Darmstadt 1951 e.V.<\/strong> (Kronst\u00e4dter Weg 12, 64295 Darmstadt) recht herzlich ein!<\/p><p>Die Tagesordnung und weitere Details findet ihr <a href=\"https:\/\/www.sg-eiche.de\/wp-content\/uploads\/2025\/12\/JHV-17.12.25.pdf\">hier<\/a>.<\/p><p>Wir freuen uns auf euer Kommen!<\/p>\t\t\t\t\t\t\t\t<\/div>\n\t\t\t\t<\/div>\n\t\t\t\t<div class=\"elementor-element elementor-element-c1ea82d elementor-widget-divider--view-line elementor-widget elementor-widget-divider\" data-id=\"c1ea82d\" data-element_type=\"widget\" data-e-type=\"widget\" data-widget_type=\"divider.default\">\n\t\t\t\t<div class=\"elementor-widget-container\">\n\t\t\t\t\t\t\t<div class=\"elementor-divider\">\n\t\t\t<span class=\"elementor-divider-separator\">\n\t\t\t\t\t\t<\/span>\n\t\t<\/div>\n\t\t\t\t\t\t<\/div>\n\t\t\t\t<\/div>\n\t\t\t\t<div class=\"elementor-element elementor-element-fd6b2fe elementor-widget elementor-widget-text-editor\" data-id=\"fd6b2fe\" data-element_type=\"widget\" data-e-type=\"widget\" data-widget_type=\"text-editor.default\">\n\t\t\t\t<div class=\"elementor-widget-container\">\n\t\t\t\t\t\t\t\t\t<p><strong><u>Neue Mitgliedsbeitr\u00e4ge (pro Monat) ab 01.01.2026 :<\/u><\/strong><\/p>\n<ul>\n<li>Kinder von 0 bis 18 Jahren 16 \u20ac<\/li>\n<li>Sch\u00fcler (Gymnasium\/Fachoberschule\/Berufsfachschule) ab 18 Jahren (nur mit Nachweis der Schule) 16\u20ac<\/li>\n<li>Studenten\/Auszubildende\/FSJ\/Bufdis\/Bundeswehr (nur mit Nachweis des Studium, der Ausbildung<br>&nbsp;bzw. des Dienstverh\u00e4ltnisses) 17\u20ac<\/li>\n<li>Rentner 17 \u20ac<\/li>\n<li>Erwachsene 19 \u20ac<\/li>\n<li>Familienbeitrag&nbsp; 39 \u20ac<br>ab 3 Familienmitglieder (2&nbsp; Erwachsene und alle Kinder bis 18 Jahre die unter gleicher Adresse wohnen,<br>&nbsp;Sch\u00fcler ab 18 Jahre (Gymnasium\/Fachoberschule\/oder \u00c4hnliches) &nbsp;nur mit Nachweis der Schule)<\/li>\n<\/ul>\n<p>Die Beitr\u00e4ge sind viertelj\u00e4hrlich (Januar, April, Juli und Oktober jeweils in der 1.Woche) im Voraus per Lastschrifteinzug zu entrichten.<\/p>\n<p><strong>Zahlungsr\u00fcckst\u00e4nde:<\/strong><\/p>\n<ul>\n<li>Die Geb\u00fchr f\u00fcr eine <strong>R\u00fccklastschrift<\/strong> die die Bank der SG Eiche berechnet tr\u00e4gt das Mitglied welches<br>&nbsp;im R\u00fcckstand ist<\/li>\n<li><strong>Bearbeitungsgeb\u00fchr<\/strong>, je Erinnerung 5,-\u20ac<\/li>\n<li><strong>Mahngeb\u00fchr<\/strong>, je Mahnung zus\u00e4tzlich zur Bearbeitungsgeb\u00fchr 5,- \u20ac<\/li>\n<\/ul>\n<p><strong>K\u00fcndigung der Mitgliedschaft:<\/strong><\/p>\n<p>Schriftlich per Brief (mit Unterschrift) 6 Wochen zum 30.6. oder 31.12 eines Jahres an:<br>SG Eiche e.V.<br>Kronst\u00e4dter Weg 12<br>64295 Darmstadt<\/p>\n<p>Eine K\u00fcndigung \u00fcber die Webseite oder einfacher Email ist nicht m\u00f6glich.<\/p>\n<p>Auszug aus der Satzung:<br>\u00a7 6 Beendigung der Mitgliedschaft. Die Mitgliedschaft endet durch Austritt, Aufl\u00f6sung des Vereins oder<br>&nbsp;Ausschluss durch Streichung in dem Mitgliederverzeichnis. Der Austritt kann nur schriftlich, durch<br>&nbsp;eingeschriebenen Brief an den Hauptvorstand, 6 Wochen zum Ende eines Kalenderhalbjahrs, also zum<br>&nbsp;30.06. oder zum 31.12.eines Gesch\u00e4ftsjahres erkl\u00e4rt werden. Wird satzungsgem\u00e4\u00df die Aufl\u00f6sung des<br>&nbsp;Vereins beschlossen, dann endet mit diesem Beschluss die Mitgliedschaft jedes einzelnen Mitgliedes<br>. Auch nach Beendigung der Mitgliedschaft ist der Verein berechtigt noch bestehende Schuldverpflichtungen<br>&nbsp;einzufordern, wenn n\u00f6tig auch durch kostenpflichtige Eintreibung auf dem Rechtsweg.<\/p>\t\t\t\t\t\t\t\t<\/div>\n\t\t\t\t<\/div>\n\t\t\t\t\t<\/div>\n\t\t<\/div>\n\t\t\t\t\t<\/div>\n\t\t<\/section>\n\t\t\t\t<section class=\"elementor-section elementor-top-section elementor-element elementor-element-fc77a6e elementor-section-boxed elementor-section-height-default elementor-section-height-default\" data-id=\"fc77a6e\" data-element_type=\"section\" data-e-type=\"section\">\n\t\t\t\t\t\t<div class=\"elementor-container elementor-column-gap-default\">\n\t\t\t\t\t<div class=\"elementor-column elementor-col-100 elementor-top-column elementor-element elementor-element-869d10a\" data-id=\"869d10a\" data-element_type=\"column\" data-e-type=\"column\">\n\t\t\t<div class=\"elementor-widget-wrap elementor-element-populated\">\n\t\t\t\t\t\t<div class=\"elementor-element elementor-element-89d8fb8 elementor-widget elementor-widget-heading\" data-id=\"89d8fb8\" data-element_type=\"widget\" data-e-type=\"widget\" data-widget_type=\"heading.default\">\n\t\t\t\t<div class=\"elementor-widget-container\">\n\t\t\t\t\t<h2 class=\"elementor-heading-title elementor-size-default\">Neues Kursangebot<\/h2>\t\t\t\t<\/div>\n\t\t\t\t<\/div>\n\t\t\t\t\t<\/div>\n\t\t<\/div>\n\t\t\t\t\t<\/div>\n\t\t<\/section>\n\t\t\t\t<section class=\"elementor-section elementor-top-section elementor-element elementor-element-c024deb elementor-section-boxed elementor-section-height-default elementor-section-height-default\" data-id=\"c024deb\" data-element_type=\"section\" data-e-type=\"section\">\n\t\t\t\t\t\t<div class=\"elementor-container elementor-column-gap-default\">\n\t\t\t\t\t<div class=\"elementor-column elementor-col-100 elementor-top-column elementor-element elementor-element-7f2a5fb\" data-id=\"7f2a5fb\" data-element_type=\"column\" data-e-type=\"column\">\n\t\t\t<div class=\"elementor-widget-wrap elementor-element-populated\">\n\t\t\t\t\t\t<div class=\"elementor-element elementor-element-375726c elementor-widget elementor-widget-image\" data-id=\"375726c\" data-element_type=\"widget\" data-e-type=\"widget\" data-widget_type=\"image.default\">\n\t\t\t\t<div class=\"elementor-widget-container\">\n\t\t\t\t\t\t\t\t\t\t\t\t\t\t\t<img fetchpriority=\"high\" decoding=\"async\" width=\"746\" height=\"1024\" src=\"https:\/\/www.sg-eiche.de\/wp-content\/uploads\/2025\/11\/Bildschirmfoto-2025-11-16-um-11.10.55-1-746x1024.png\" class=\"attachment-large size-large wp-image-3087\" alt=\"\" srcset=\"https:\/\/www.sg-eiche.de\/wp-content\/uploads\/2025\/11\/Bildschirmfoto-2025-11-16-um-11.10.55-1-746x1024.png 746w, https:\/\/www.sg-eiche.de\/wp-content\/uploads\/2025\/11\/Bildschirmfoto-2025-11-16-um-11.10.55-1-218x300.png 218w, https:\/\/www.sg-eiche.de\/wp-content\/uploads\/2025\/11\/Bildschirmfoto-2025-11-16-um-11.10.55-1-768x1055.png 768w, https:\/\/www.sg-eiche.de\/wp-content\/uploads\/2025\/11\/Bildschirmfoto-2025-11-16-um-11.10.55-1-1119x1536.png 1119w, https:\/\/www.sg-eiche.de\/wp-content\/uploads\/2025\/11\/Bildschirmfoto-2025-11-16-um-11.10.55-1.png 1206w\" sizes=\"(max-width: 746px) 100vw, 746px\" \/>\t\t\t\t\t\t\t\t\t\t\t\t\t\t\t<\/div>\n\t\t\t\t<\/div>\n\t\t\t\t\t<\/div>\n\t\t<\/div>\n\t\t\t\t\t<\/div>\n\t\t<\/section>\n\t\t\t\t<\/div>\n\t\t","protected":false},"excerpt":{"rendered":"<p>Herzlich Willkommen! SG Eiche Darmstadt Die Sportgemeinschaft Eiche Darmstadt 1951 e.V. besteht aus verschiedensten Abteilungen mit zurzeit knapp 750 Mitgliedern. [&hellip;]<\/p>\n","protected":false},"author":1,"featured_media":0,"parent":0,"menu_order":0,"comment_status":"closed","ping_status":"closed","template":"elementor_theme","meta":{"site-sidebar-layout":"no-sidebar","site-content-layout":"page-builder","ast-site-content-layout":"default","site-content-style":"default","site-sidebar-style":"default","ast-global-header-display":"","ast-banner-title-visibility":"","ast-main-header-display":"","ast-hfb-above-header-display":"","ast-hfb-below-header-display":"","ast-hfb-mobile-header-display":"","site-post-title":"disabled","ast-breadcrumbs-content":"","ast-featured-img":"","footer-sml-layout":"","ast-disable-related-posts":"","theme-transparent-header-meta":"enabled","adv-header-id-meta":"","stick-header-meta":"","header-above-stick-meta":"","header-main-stick-meta":"","header-below-stick-meta":"","astra-migrate-meta-layouts":"default","ast-page-background-enabled":"default","ast-page-background-meta":{"desktop":{"background-color":"var(--ast-global-color-4)","background-image":"","background-repeat":"repeat","background-position":"center center","background-size":"auto","background-attachment":"scroll","background-type":"","background-media":"","overlay-type":"","overlay-color":"","overlay-opacity":"","overlay-gradient":""},"tablet":{"background-color":"","background-image":"","background-repeat":"repeat","background-position":"center center","background-size":"auto","background-attachment":"scroll","background-type":"","background-media":"","overlay-type":"","overlay-color":"","overlay-opacity":"","overlay-gradient":""},"mobile":{"background-color":"","background-image":"","background-repeat":"repeat","background-position":"center center","background-size":"auto","background-attachment":"scroll","background-type":"","background-media":"","overlay-type":"","overlay-color":"","overlay-opacity":"","overlay-gradient":""}},"ast-content-background-meta":{"desktop":{"background-color":"var(--ast-global-color-5)","background-image":"","background-repeat":"repeat","background-position":"center center","background-size":"auto","background-attachment":"scroll","background-type":"","background-media":"","overlay-type":"","overlay-color":"","overlay-opacity":"","overlay-gradient":""},"tablet":{"background-color":"var(--ast-global-color-5)","background-image":"","background-repeat":"repeat","background-position":"center center","background-size":"auto","background-attachment":"scroll","background-type":"","background-media":"","overlay-type":"","overlay-color":"","overlay-opacity":"","overlay-gradient":""},"mobile":{"background-color":"var(--ast-global-color-5)","background-image":"","background-repeat":"repeat","background-position":"center center","background-size":"auto","background-attachment":"scroll","background-type":"","background-media":"","overlay-type":"","overlay-color":"","overlay-opacity":"","overlay-gradient":""}},"footnotes":""},"class_list":["post-1832","page","type-page","status-publish","hentry"],"aioseo_notices":[],"_links":{"self":[{"href":"https:\/\/www.sg-eiche.de\/index.php?rest_route=\/wp\/v2\/pages\/1832","targetHints":{"allow":["GET"]}}],"collection":[{"href":"https:\/\/www.sg-eiche.de\/index.php?rest_route=\/wp\/v2\/pages"}],"about":[{"href":"https:\/\/www.sg-eiche.de\/index.php?rest_route=\/wp\/v2\/types\/page"}],"author":[{"embeddable":true,"href":"https:\/\/www.sg-eiche.de\/index.php?rest_route=\/wp\/v2\/users\/1"}],"replies":[{"embeddable":true,"href":"https:\/\/www.sg-eiche.de\/index.php?rest_route=%2Fwp%2Fv2%2Fcomments&post=1832"}],"version-history":[{"count":86,"href":"https:\/\/www.sg-eiche.de\/index.php?rest_route=\/wp\/v2\/pages\/1832\/revisions"}],"predecessor-version":[{"id":3146,"href":"https:\/\/www.sg-eiche.de\/index.php?rest_route=\/wp\/v2\/pages\/1832\/revisions\/3146"}],"wp:attachment":[{"href":"https:\/\/www.sg-eiche.de\/index.php?rest_route=%2Fwp%2Fv2%2Fmedia&parent=1832"}],"curies":[{"name":"wp","href":"https:\/\/api.w.org\/{rel}","templated":true}]}}