{"id":1942,"date":"2023-10-01T12:45:18","date_gmt":"2023-10-01T10:45:18","guid":{"rendered":"https:\/\/www.sg-eiche.de\/?page_id=1942"},"modified":"2025-03-24T14:13:03","modified_gmt":"2025-03-24T13:13:03","slug":"bekanntmachungen","status":"publish","type":"page","link":"https:\/\/www.sg-eiche.de\/?page_id=1942","title":{"rendered":"Bekanntmachungen"},"content":{"rendered":"\t\t<div data-elementor-type=\"wp-page\" data-elementor-id=\"1942\" class=\"elementor elementor-1942\">\n\t\t\t\t\t\t<section class=\"elementor-section elementor-top-section elementor-element elementor-element-49bda3e elementor-section-boxed elementor-section-height-default elementor-section-height-default\" data-id=\"49bda3e\" data-element_type=\"section\" data-e-type=\"section\" data-settings=\"{&quot;background_background&quot;:&quot;classic&quot;}\">\n\t\t\t\t\t\t\t<div class=\"elementor-background-overlay\"><\/div>\n\t\t\t\t\t\t\t<div class=\"elementor-container elementor-column-gap-default\">\n\t\t\t\t\t<div class=\"elementor-column elementor-col-100 elementor-top-column elementor-element elementor-element-05417fa\" data-id=\"05417fa\" data-element_type=\"column\" data-e-type=\"column\">\n\t\t\t<div class=\"elementor-widget-wrap elementor-element-populated\">\n\t\t\t\t\t\t<div class=\"elementor-element elementor-element-5617ec0 elementor-widget elementor-widget-heading\" data-id=\"5617ec0\" data-element_type=\"widget\" data-e-type=\"widget\" data-widget_type=\"heading.default\">\n\t\t\t\t<div class=\"elementor-widget-container\">\n\t\t\t\t\t<h1 class=\"elementor-heading-title elementor-size-default\">Bekanntmachungen<\/h1>\t\t\t\t<\/div>\n\t\t\t\t<\/div>\n\t\t\t\t\t<\/div>\n\t\t<\/div>\n\t\t\t\t\t<\/div>\n\t\t<\/section>\n\t\t\t\t<section class=\"elementor-section elementor-top-section elementor-element elementor-element-3f44047 elementor-section-boxed elementor-section-height-default elementor-section-height-default\" data-id=\"3f44047\" data-element_type=\"section\" data-e-type=\"section\">\n\t\t\t\t\t\t<div class=\"elementor-container elementor-column-gap-default\">\n\t\t\t\t\t<div class=\"elementor-column elementor-col-100 elementor-top-column elementor-element elementor-element-3c18baa\" data-id=\"3c18baa\" data-element_type=\"column\" data-e-type=\"column\">\n\t\t\t<div class=\"elementor-widget-wrap elementor-element-populated\">\n\t\t\t\t\t\t<div class=\"elementor-element elementor-element-ae7a34b elementor-widget elementor-widget-spacer\" data-id=\"ae7a34b\" data-element_type=\"widget\" data-e-type=\"widget\" data-widget_type=\"spacer.default\">\n\t\t\t\t<div class=\"elementor-widget-container\">\n\t\t\t\t\t\t\t<div class=\"elementor-spacer\">\n\t\t\t<div class=\"elementor-spacer-inner\"><\/div>\n\t\t<\/div>\n\t\t\t\t\t\t<\/div>\n\t\t\t\t<\/div>\n\t\t\t\t<div class=\"elementor-element elementor-element-1e64d51 elementor-widget elementor-widget-text-editor\" data-id=\"1e64d51\" data-element_type=\"widget\" data-e-type=\"widget\" data-widget_type=\"text-editor.default\">\n\t\t\t\t<div class=\"elementor-widget-container\">\n\t\t\t\t\t\t\t\t\t<div class=\"_1mf _1mj\" data-offset-key=\"7pt42-0-0\"><div class=\"_1mf _1mj\" data-offset-key=\"7pt42-0-0\"><div class=\"_1mf _1mj\" data-offset-key=\"8k795-0-0\"><h1>27.11.2024 JHV und Vorstandswahlen<\/h1><\/div><\/div><\/div>\t\t\t\t\t\t\t\t<\/div>\n\t\t\t\t<\/div>\n\t\t\t\t<div class=\"elementor-element elementor-element-9d76884 elementor-widget elementor-widget-text-editor\" data-id=\"9d76884\" data-element_type=\"widget\" data-e-type=\"widget\" data-widget_type=\"text-editor.default\">\n\t\t\t\t<div class=\"elementor-widget-container\">\n\t\t\t\t\t\t\t\t\t<div class=\"_1mf _1mj\" data-offset-key=\"7pt42-0-0\"><div class=\"_1mf _1mj\" data-offset-key=\"7pt42-0-0\"><div class=\"_1mf _1mj\" data-offset-key=\"8k795-0-0\"><p>Bei der Jahreshauptversammlung am 27.12.2024 wurde ein neuer Vorstand, der sich wie folgt zusammensetzt, gew\u00e4hlt:<\/p><\/div><\/div><\/div>\t\t\t\t\t\t\t\t<\/div>\n\t\t\t\t<\/div>\n\t\t\t\t<div class=\"elementor-element elementor-element-cec759f elementor-widget elementor-widget-text-editor\" data-id=\"cec759f\" data-element_type=\"widget\" data-e-type=\"widget\" data-widget_type=\"text-editor.default\">\n\t\t\t\t<div class=\"elementor-widget-container\">\n\t\t\t\t\t\t\t\t\t<div class=\"_1mf _1mj\" data-offset-key=\"7pt42-0-0\"><div class=\"_1mf _1mj\" data-offset-key=\"7pt42-0-0\"><div class=\"_1mf _1mj\" data-offset-key=\"8k795-0-0\"><p><strong>1. Vorsitzender:<\/strong><br \/>zur Zeit vakant<\/p><p><strong>2. Vorsitzender<\/strong><br \/>Marcus Reuter<\/p><p><strong>2. Vorsitzender<\/strong><br \/>Markus M\u00fcck<\/p><p><strong>Rechner<\/strong><br \/>Jakob Marien<\/p><p><strong>Anlagenwart<\/strong><br \/>Dietmar Muska<\/p><p><strong>Jugendwart<\/strong><br \/>Alex Becker<\/p><p><strong>1. Beisitzer<\/strong><br \/>J\u00f6rg Kaprolat<\/p><p><strong>2. Beisitzer<\/strong><br \/>Daniela H\u00f6pping<\/p><p><strong>3. Beisitzer<\/strong><br \/>Simone M\u00fcck<\/p><p><strong>4. Beisitzer<\/strong><br \/>Vanessa Raga<\/p><\/div><p><strong>5. Beisitzer<\/strong><br \/>J\u00f6rn Biedenkapp<\/p><p><strong>6. Beisitzer<\/strong><br \/>Thorsten Kork<\/p><p><strong>7. Beisitzer<\/strong><br \/>Lucas Kaniak<\/p><p><strong>8. Beisitzer<\/strong><br \/>Udo Zerb<\/p><p><strong>9. Beisitzer<\/strong><br \/>Sven Schnellb\u00e4cher<\/p><\/div><\/div>\t\t\t\t\t\t\t\t<\/div>\n\t\t\t\t<\/div>\n\t\t\t\t<div class=\"elementor-element elementor-element-1cd39b0 elementor-widget elementor-widget-text-editor\" data-id=\"1cd39b0\" data-element_type=\"widget\" data-e-type=\"widget\" data-widget_type=\"text-editor.default\">\n\t\t\t\t<div class=\"elementor-widget-container\">\n\t\t\t\t\t\t\t\t\t<div class=\"_1mf _1mj\" data-offset-key=\"7pt42-0-0\"><div class=\"_1mf _1mj\" data-offset-key=\"7pt42-0-0\"><div class=\"_1mf _1mj\" data-offset-key=\"8k795-0-0\">\u00a0<\/div><p><strong>Beitragsordnung:<\/strong><\/p><\/div><\/div><p>Wie auf der Jahres Hauptversammlung beschlossen erh\u00f6hen sich die Mitgliedsbeitr\u00e4ge ab 01. Januar 2023 um 2 \u20ac .\u00a0 Die letzte Erh\u00f6hung fand im Januar 2020 statt. Somit ver\u00e4ndern sich die Beitr\u00e4ge folgender Ma\u00dfen:<\/p><ul><li>Kinder von 0 bis 18 Jahren von 13\u20ac auf\u00a0 15 \u20ac<\/li><li>Studenten\/Auszubildende\/FSJ\/Bufdis\/Bundeswehr von 14 \u20ac auf 16 \u20ac<\/li><li>Rentner von 14 \u20ac auf 16 \u20ac<\/li><li>Erwachsene von 16 \u20ac auf 18 \u20ac<\/li><li>Familienbeitrag von 33 \u20ac auf 37 \u20ac<\/li><\/ul>\t\t\t\t\t\t\t\t<\/div>\n\t\t\t\t<\/div>\n\t\t\t\t<div class=\"elementor-element elementor-element-7fb6359 elementor-widget-divider--view-line elementor-widget elementor-widget-divider\" data-id=\"7fb6359\" data-element_type=\"widget\" data-e-type=\"widget\" data-widget_type=\"divider.default\">\n\t\t\t\t<div class=\"elementor-widget-container\">\n\t\t\t\t\t\t\t<div class=\"elementor-divider\">\n\t\t\t<span class=\"elementor-divider-separator\">\n\t\t\t\t\t\t<\/span>\n\t\t<\/div>\n\t\t\t\t\t\t<\/div>\n\t\t\t\t<\/div>\n\t\t\t\t\t<\/div>\n\t\t<\/div>\n\t\t\t\t\t<\/div>\n\t\t<\/section>\n\t\t\t\t<\/div>\n\t\t","protected":false},"excerpt":{"rendered":"<p>Bekanntmachungen 27.11.2024 JHV und Vorstandswahlen Bei der Jahreshauptversammlung am 27.12.2024 wurde ein neuer Vorstand, der sich wie folgt zusammensetzt, gew\u00e4hlt: [&hellip;]<\/p>\n","protected":false},"author":1,"featured_media":0,"parent":157,"menu_order":0,"comment_status":"closed","ping_status":"closed","template":"","meta":{"site-sidebar-layout":"no-sidebar","site-content-layout":"page-builder","ast-site-content-layout":"full-width-container","site-content-style":"default","site-sidebar-style":"default","ast-global-header-display":"","ast-banner-title-visibility":"","ast-main-header-display":"","ast-hfb-above-header-display":"","ast-hfb-below-header-display":"","ast-hfb-mobile-header-display":"","site-post-title":"disabled","ast-breadcrumbs-content":"","ast-featured-img":"disabled","footer-sml-layout":"","ast-disable-related-posts":"","theme-transparent-header-meta":"","adv-header-id-meta":"","stick-header-meta":"","header-above-stick-meta":"","header-main-stick-meta":"","header-below-stick-meta":"","astra-migrate-meta-layouts":"set","ast-page-background-enabled":"default","ast-page-background-meta":{"desktop":{"background-color":"var(--ast-global-color-4)","background-image":"","background-repeat":"repeat","background-position":"center center","background-size":"auto","background-attachment":"scroll","background-type":"","background-media":"","overlay-type":"","overlay-color":"","overlay-opacity":"","overlay-gradient":""},"tablet":{"background-color":"","background-image":"","background-repeat":"repeat","background-position":"center center","background-size":"auto","background-attachment":"scroll","background-type":"","background-media":"","overlay-type":"","overlay-color":"","overlay-opacity":"","overlay-gradient":""},"mobile":{"background-color":"","background-image":"","background-repeat":"repeat","background-position":"center center","background-size":"auto","background-attachment":"scroll","background-type":"","background-media":"","overlay-type":"","overlay-color":"","overlay-opacity":"","overlay-gradient":""}},"ast-content-background-meta":{"desktop":{"background-color":"var(--ast-global-color-5)","background-image":"","background-repeat":"repeat","background-position":"center center","background-size":"auto","background-attachment":"scroll","background-type":"","background-media":"","overlay-type":"","overlay-color":"","overlay-opacity":"","overlay-gradient":""},"tablet":{"background-color":"var(--ast-global-color-5)","background-image":"","background-repeat":"repeat","background-position":"center center","background-size":"auto","background-attachment":"scroll","background-type":"","background-media":"","overlay-type":"","overlay-color":"","overlay-opacity":"","overlay-gradient":""},"mobile":{"background-color":"var(--ast-global-color-5)","background-image":"","background-repeat":"repeat","background-position":"center center","background-size":"auto","background-attachment":"scroll","background-type":"","background-media":"","overlay-type":"","overlay-color":"","overlay-opacity":"","overlay-gradient":""}},"footnotes":""},"class_list":["post-1942","page","type-page","status-publish","hentry"],"aioseo_notices":[],"_links":{"self":[{"href":"https:\/\/www.sg-eiche.de\/index.php?rest_route=\/wp\/v2\/pages\/1942","targetHints":{"allow":["GET"]}}],"collection":[{"href":"https:\/\/www.sg-eiche.de\/index.php?rest_route=\/wp\/v2\/pages"}],"about":[{"href":"https:\/\/www.sg-eiche.de\/index.php?rest_route=\/wp\/v2\/types\/page"}],"author":[{"embeddable":true,"href":"https:\/\/www.sg-eiche.de\/index.php?rest_route=\/wp\/v2\/users\/1"}],"replies":[{"embeddable":true,"href":"https:\/\/www.sg-eiche.de\/index.php?rest_route=%2Fwp%2Fv2%2Fcomments&post=1942"}],"version-history":[{"count":16,"href":"https:\/\/www.sg-eiche.de\/index.php?rest_route=\/wp\/v2\/pages\/1942\/revisions"}],"predecessor-version":[{"id":2867,"href":"https:\/\/www.sg-eiche.de\/index.php?rest_route=\/wp\/v2\/pages\/1942\/revisions\/2867"}],"up":[{"embeddable":true,"href":"https:\/\/www.sg-eiche.de\/index.php?rest_route=\/wp\/v2\/pages\/157"}],"wp:attachment":[{"href":"https:\/\/www.sg-eiche.de\/index.php?rest_route=%2Fwp%2Fv2%2Fmedia&parent=1942"}],"curies":[{"name":"wp","href":"https:\/\/api.w.org\/{rel}","templated":true}]}}