{"id":1946,"date":"2023-10-01T12:46:52","date_gmt":"2023-10-01T10:46:52","guid":{"rendered":"https:\/\/www.sg-eiche.de\/?page_id=1946"},"modified":"2026-01-11T21:17:24","modified_gmt":"2026-01-11T20:17:24","slug":"mitglied-werden","status":"publish","type":"page","link":"https:\/\/www.sg-eiche.de\/?page_id=1946","title":{"rendered":"Mitglied werden"},"content":{"rendered":"\t\t<div data-elementor-type=\"wp-page\" data-elementor-id=\"1946\" class=\"elementor elementor-1946\">\n\t\t\t\t\t\t<section class=\"elementor-section elementor-top-section elementor-element elementor-element-00c3002 elementor-section-boxed elementor-section-height-default elementor-section-height-default\" data-id=\"00c3002\" data-element_type=\"section\" data-e-type=\"section\" data-settings=\"{&quot;background_background&quot;:&quot;classic&quot;}\">\n\t\t\t\t\t\t\t<div class=\"elementor-background-overlay\"><\/div>\n\t\t\t\t\t\t\t<div class=\"elementor-container elementor-column-gap-default\">\n\t\t\t\t\t<div class=\"elementor-column elementor-col-100 elementor-top-column elementor-element elementor-element-03932f0\" data-id=\"03932f0\" data-element_type=\"column\" data-e-type=\"column\">\n\t\t\t<div class=\"elementor-widget-wrap elementor-element-populated\">\n\t\t\t\t\t\t<div class=\"elementor-element elementor-element-743eaf8 elementor-widget elementor-widget-heading\" data-id=\"743eaf8\" data-element_type=\"widget\" data-e-type=\"widget\" data-widget_type=\"heading.default\">\n\t\t\t\t<div class=\"elementor-widget-container\">\n\t\t\t\t\t<h1 class=\"elementor-heading-title elementor-size-default\">Mitglied werden<\/h1>\t\t\t\t<\/div>\n\t\t\t\t<\/div>\n\t\t\t\t\t<\/div>\n\t\t<\/div>\n\t\t\t\t\t<\/div>\n\t\t<\/section>\n\t\t\t\t<section class=\"elementor-section elementor-top-section elementor-element elementor-element-997dc25 elementor-section-boxed elementor-section-height-default elementor-section-height-default\" data-id=\"997dc25\" data-element_type=\"section\" data-e-type=\"section\">\n\t\t\t\t\t\t<div class=\"elementor-container elementor-column-gap-default\">\n\t\t\t\t\t<div class=\"elementor-column elementor-col-100 elementor-top-column elementor-element elementor-element-f8b97f4\" data-id=\"f8b97f4\" data-element_type=\"column\" data-e-type=\"column\">\n\t\t\t<div class=\"elementor-widget-wrap elementor-element-populated\">\n\t\t\t\t\t\t<div class=\"elementor-element elementor-element-fad353f elementor-widget elementor-widget-spacer\" data-id=\"fad353f\" data-element_type=\"widget\" data-e-type=\"widget\" data-widget_type=\"spacer.default\">\n\t\t\t\t<div class=\"elementor-widget-container\">\n\t\t\t\t\t\t\t<div class=\"elementor-spacer\">\n\t\t\t<div class=\"elementor-spacer-inner\"><\/div>\n\t\t<\/div>\n\t\t\t\t\t\t<\/div>\n\t\t\t\t<\/div>\n\t\t\t\t<div class=\"elementor-element elementor-element-77d40ad elementor-widget elementor-widget-text-editor\" data-id=\"77d40ad\" data-element_type=\"widget\" data-e-type=\"widget\" data-widget_type=\"text-editor.default\">\n\t\t\t\t<div class=\"elementor-widget-container\">\n\t\t\t\t\t\t\t\t\t<p style=\"margin-bottom: 15pt; line-height: 15.6pt; background-image: initial; background-position: initial; background-size: initial; background-repeat: initial; background-attachment: initial; background-origin: initial; background-clip: initial;\"><b><span style=\"font-size: 13.5pt; font-family: 'Arial',sans-serif; mso-fareast-font-family: 'Times New Roman'; color: #000f2b; mso-fareast-language: DE;\">Mitgliedsbeitr\u00e4ge (pro Monat), ab 01.01.2026:<\/span><\/b><\/p>\n<ul>\n<li>Kinder von 0 bis 18 Jahren 16 \u20ac<\/li>\n<li>Sch\u00fcler (Gymnasium\/Fachoberschule\/Berufsfachschule) ab 18 Jahren (nur mit Nachweis der Schule) 16\u20ac<\/li>\n<li>Studenten\/Auszubildende\/FSJ\/Bufdis\/Bundeswehr (nur mit Nachweis des Studium, der Ausbildung<br>&nbsp;bzw. des Dienstverh\u00e4ltnisses) 17\u20ac<\/li>\n<li>Rentner 17 \u20ac<\/li>\n<li>Erwachsene 19 \u20ac<\/li>\n<li>Familienbeitrag&nbsp; 39 \u20ac<br>ab 3 Familienmitglieder (2&nbsp; Erwachsene und alle Kinder bis 18 Jahre die unter gleicher Adresse wohnen,<br>&nbsp;Sch\u00fcler ab 18 Jahre (Gymnasium\/Fachoberschule\/oder \u00c4hnliches) &nbsp;nur mit Nachweis der Schule)<\/li>\n<\/ul>\n<p>Die Beitr\u00e4ge sind viertelj\u00e4hrlich (Januar, April, Juli und Oktober jeweils in der 1.Woche) im Voraus per Lastschrifteinzug zu entrichten.<\/p>\n<p><b>Zahlungsr\u00fcckst\u00e4nde:<\/b><\/p>\n<ul>\n<li>Die Geb\u00fchr f\u00fcr eine <strong>R\u00fccklastschrift<\/strong> die die Bank der SG Eiche berechnet tr\u00e4gt das Mitglied welches<br>&nbsp;im R\u00fcckstand ist<\/li>\n<li><strong>Bearbeitungsgeb\u00fchr<\/strong>, je Erinnerung 5,-\u20ac<\/li>\n<li><strong>Mahngeb\u00fchr<\/strong>, je Mahnung zus\u00e4tzlich zur Bearbeitungsgeb\u00fchr 5,- \u20ac<\/li>\n<\/ul>\n<p><b style=\"font-style: inherit;\"><span style=\"font-size: 13.5pt; font-family: 'Arial',sans-serif; mso-fareast-font-family: 'Times New Roman'; color: #000f2b; mso-fareast-language: DE;\">K\u00fcndigung der Mitgliedschaft:<\/span><\/b><\/p>\n<p>Schriftlich per Brief (mit Unterschrift) 6 Wochen zum 30.6. oder 31.12 eines Jahres an:<br>SG Eiche e.V.<br>Kronst\u00e4dter Weg 12<br>64295 Darmstadt<\/p>\n<p>Eine K\u00fcndigung \u00fcber die Webseite oder einfacher Email ist nicht m\u00f6glich.<\/p>\n<p>Auszug aus der Satzung:<br>\u00a7 6 Beendigung der Mitgliedschaft. Die Mitgliedschaft endet durch Austritt, Aufl\u00f6sung des Vereins oder<br>&nbsp;Ausschluss durch Streichung in dem Mitgliederverzeichnis. Der Austritt kann nur schriftlich, durch<br>&nbsp;eingeschriebenen Brief an den Hauptvorstand, 6 Wochen zum Ende eines Kalenderhalbjahrs, also zum<br>&nbsp;30.06. oder zum 31.12.eines Gesch\u00e4ftsjahres erkl\u00e4rt werden. Wird satzungsgem\u00e4\u00df die Aufl\u00f6sung des<br>&nbsp;Vereins beschlossen, dann endet mit diesem Beschluss die Mitgliedschaft jedes einzelnen Mitgliedes<br>. Auch nach Beendigung der Mitgliedschaft ist der Verein berechtigt noch bestehende Schuldverpflichtungen<br>&nbsp;einzufordern, wenn n\u00f6tig auch durch kostenpflichtige Eintreibung auf dem Rechtsweg.<\/p>\n<p>Sie m\u00f6chten unserem Verein <strong>beitreten<\/strong>? Super! Nutzen Sie hierf\u00fcr die von uns bereitgestellte&nbsp;<a style=\"background-color: #ffffff; font-size: 1rem;\" href=\"https:\/\/www.sg-eiche.de\/wp-content\/uploads\/2026\/01\/Beitrittserklaerung01.01.2026.pdf\" target=\"_blank\" rel=\"noopener\">Beitrittserkl\u00e4rung.<\/a><\/p>\n<p>Unsere <strong>Satzung<\/strong> k\u00f6nnen Sie hier herunterladen: <strong><a href=\"https:\/\/www.sg-eiche.de\/wp-content\/uploads\/2025\/10\/Satzung_SG_Eiche_2025.pdf\">Link<\/a><\/strong><\/p>\n<h3><span style=\"color: #3a3a3a;\"><span style=\"font-size: 16px;\">Nur die aktuelle Beitrittserkl\u00e4rung ist g\u00fcltig.<\/span><\/span><\/h3>\t\t\t\t\t\t\t\t<\/div>\n\t\t\t\t<\/div>\n\t\t\t\t\t<\/div>\n\t\t<\/div>\n\t\t\t\t\t<\/div>\n\t\t<\/section>\n\t\t\t\t<\/div>\n\t\t","protected":false},"excerpt":{"rendered":"<p>Mitglied werden Mitgliedsbeitr\u00e4ge (pro Monat), ab 01.01.2026: Kinder von 0 bis 18 Jahren 16 \u20ac Sch\u00fcler (Gymnasium\/Fachoberschule\/Berufsfachschule) ab 18 Jahren [&hellip;]<\/p>\n","protected":false},"author":1,"featured_media":0,"parent":1835,"menu_order":0,"comment_status":"closed","ping_status":"closed","template":"","meta":{"site-sidebar-layout":"no-sidebar","site-content-layout":"page-builder","ast-site-content-layout":"full-width-container","site-content-style":"default","site-sidebar-style":"default","ast-global-header-display":"","ast-banner-title-visibility":"","ast-main-header-display":"","ast-hfb-above-header-display":"","ast-hfb-below-header-display":"","ast-hfb-mobile-header-display":"","site-post-title":"disabled","ast-breadcrumbs-content":"","ast-featured-img":"disabled","footer-sml-layout":"","ast-disable-related-posts":"","theme-transparent-header-meta":"","adv-header-id-meta":"","stick-header-meta":"","header-above-stick-meta":"","header-main-stick-meta":"","header-below-stick-meta":"","astra-migrate-meta-layouts":"set","ast-page-background-enabled":"default","ast-page-background-meta":{"desktop":{"background-color":"var(--ast-global-color-4)","background-image":"","background-repeat":"repeat","background-position":"center center","background-size":"auto","background-attachment":"scroll","background-type":"","background-media":"","overlay-type":"","overlay-color":"","overlay-opacity":"","overlay-gradient":""},"tablet":{"background-color":"","background-image":"","background-repeat":"repeat","background-position":"center center","background-size":"auto","background-attachment":"scroll","background-type":"","background-media":"","overlay-type":"","overlay-color":"","overlay-opacity":"","overlay-gradient":""},"mobile":{"background-color":"","background-image":"","background-repeat":"repeat","background-position":"center center","background-size":"auto","background-attachment":"scroll","background-type":"","background-media":"","overlay-type":"","overlay-color":"","overlay-opacity":"","overlay-gradient":""}},"ast-content-background-meta":{"desktop":{"background-color":"var(--ast-global-color-5)","background-image":"","background-repeat":"repeat","background-position":"center center","background-size":"auto","background-attachment":"scroll","background-type":"","background-media":"","overlay-type":"","overlay-color":"","overlay-opacity":"","overlay-gradient":""},"tablet":{"background-color":"var(--ast-global-color-5)","background-image":"","background-repeat":"repeat","background-position":"center center","background-size":"auto","background-attachment":"scroll","background-type":"","background-media":"","overlay-type":"","overlay-color":"","overlay-opacity":"","overlay-gradient":""},"mobile":{"background-color":"var(--ast-global-color-5)","background-image":"","background-repeat":"repeat","background-position":"center center","background-size":"auto","background-attachment":"scroll","background-type":"","background-media":"","overlay-type":"","overlay-color":"","overlay-opacity":"","overlay-gradient":""}},"footnotes":""},"class_list":["post-1946","page","type-page","status-publish","hentry"],"aioseo_notices":[],"_links":{"self":[{"href":"https:\/\/www.sg-eiche.de\/index.php?rest_route=\/wp\/v2\/pages\/1946","targetHints":{"allow":["GET"]}}],"collection":[{"href":"https:\/\/www.sg-eiche.de\/index.php?rest_route=\/wp\/v2\/pages"}],"about":[{"href":"https:\/\/www.sg-eiche.de\/index.php?rest_route=\/wp\/v2\/types\/page"}],"author":[{"embeddable":true,"href":"https:\/\/www.sg-eiche.de\/index.php?rest_route=\/wp\/v2\/users\/1"}],"replies":[{"embeddable":true,"href":"https:\/\/www.sg-eiche.de\/index.php?rest_route=%2Fwp%2Fv2%2Fcomments&post=1946"}],"version-history":[{"count":61,"href":"https:\/\/www.sg-eiche.de\/index.php?rest_route=\/wp\/v2\/pages\/1946\/revisions"}],"predecessor-version":[{"id":3143,"href":"https:\/\/www.sg-eiche.de\/index.php?rest_route=\/wp\/v2\/pages\/1946\/revisions\/3143"}],"up":[{"embeddable":true,"href":"https:\/\/www.sg-eiche.de\/index.php?rest_route=\/wp\/v2\/pages\/1835"}],"wp:attachment":[{"href":"https:\/\/www.sg-eiche.de\/index.php?rest_route=%2Fwp%2Fv2%2Fmedia&parent=1946"}],"curies":[{"name":"wp","href":"https:\/\/api.w.org\/{rel}","templated":true}]}}