{"id":2825,"date":"2025-03-21T00:08:03","date_gmt":"2025-03-20T23:08:03","guid":{"rendered":"https:\/\/www.sg-eiche.de\/?page_id=2825"},"modified":"2026-03-27T00:02:38","modified_gmt":"2026-03-26T23:02:38","slug":"siedlercup-2025","status":"publish","type":"page","link":"https:\/\/www.sg-eiche.de\/?page_id=2825","title":{"rendered":"Siedlercup 2026"},"content":{"rendered":"\t\t<div data-elementor-type=\"wp-page\" data-elementor-id=\"2825\" class=\"elementor elementor-2825\">\n\t\t\t\t\t\t<section class=\"elementor-section elementor-top-section elementor-element elementor-element-ede6f42 elementor-section-boxed elementor-section-height-default elementor-section-height-default\" data-id=\"ede6f42\" data-element_type=\"section\" data-e-type=\"section\" data-settings=\"{&quot;background_background&quot;:&quot;classic&quot;}\">\n\t\t\t\t\t\t\t<div class=\"elementor-background-overlay\"><\/div>\n\t\t\t\t\t\t\t<div class=\"elementor-container elementor-column-gap-default\">\n\t\t\t\t\t<div class=\"elementor-column elementor-col-100 elementor-top-column elementor-element elementor-element-bc6a053\" data-id=\"bc6a053\" data-element_type=\"column\" data-e-type=\"column\">\n\t\t\t<div class=\"elementor-widget-wrap elementor-element-populated\">\n\t\t\t\t\t\t<div class=\"elementor-element elementor-element-32a6ad1b elementor-widget elementor-widget-heading\" data-id=\"32a6ad1b\" data-element_type=\"widget\" data-e-type=\"widget\" data-widget_type=\"heading.default\">\n\t\t\t\t<div class=\"elementor-widget-container\">\n\t\t\t\t\t<h1 class=\"elementor-heading-title elementor-size-default\">Anmeldung Siedlercup 2026<\/h1>\t\t\t\t<\/div>\n\t\t\t\t<\/div>\n\t\t\t\t\t<\/div>\n\t\t<\/div>\n\t\t\t\t\t<\/div>\n\t\t<\/section>\n\t\t\t\t<section class=\"elementor-section elementor-top-section elementor-element elementor-element-1019ff9 elementor-section-boxed elementor-section-height-default elementor-section-height-default\" data-id=\"1019ff9\" data-element_type=\"section\" data-e-type=\"section\">\n\t\t\t\t\t\t<div class=\"elementor-container elementor-column-gap-default\">\n\t\t\t\t\t<div class=\"elementor-column elementor-col-100 elementor-top-column elementor-element elementor-element-fb3ac54\" data-id=\"fb3ac54\" data-element_type=\"column\" data-e-type=\"column\">\n\t\t\t<div class=\"elementor-widget-wrap elementor-element-populated\">\n\t\t\t\t\t\t<div class=\"elementor-element elementor-element-c66fce8 elementor-widget elementor-widget-text-editor\" data-id=\"c66fce8\" data-element_type=\"widget\" data-e-type=\"widget\" data-widget_type=\"text-editor.default\">\n\t\t\t\t<div class=\"elementor-widget-container\">\n\t\t\t\t\t\t\t\t\t<p><strong><br \/><br \/>Neuerung<\/strong><b> in diesem Jahr:<\/b><\/p><p>Es gibt 16 Startpl\u00e4tze, der Turnierplan steht daher schon fest.<br \/>Gespielt wird auf 3 Pl\u00e4tzen. Den Spielplan findet Ihr <a href=\"https:\/\/www.meinturnierplan.de\/showit.php?id=00oid0hhh2\" target=\"_blank\" rel=\"noopener\">hier<\/a>.<br \/>Die Gruppenauslosung findet am Turniertag selbst live vor allen Teams um 11:30 statt, Turnierbeginn ist um 12:00\u00a0<\/p>\t\t\t\t\t\t\t\t<\/div>\n\t\t\t\t<\/div>\n\t\t\t\t\t<\/div>\n\t\t<\/div>\n\t\t\t\t\t<\/div>\n\t\t<\/section>\n\t\t\t\t<section class=\"elementor-section elementor-top-section elementor-element elementor-element-22cc833 elementor-section-boxed elementor-section-height-default elementor-section-height-default\" data-id=\"22cc833\" data-element_type=\"section\" data-e-type=\"section\">\n\t\t\t\t\t\t<div class=\"elementor-container elementor-column-gap-default\">\n\t\t\t\t\t<div class=\"elementor-column elementor-col-100 elementor-top-column elementor-element elementor-element-6db2086\" data-id=\"6db2086\" data-element_type=\"column\" data-e-type=\"column\">\n\t\t\t<div class=\"elementor-widget-wrap elementor-element-populated\">\n\t\t\t\t\t\t<div class=\"elementor-element elementor-element-8fd6dcc elementor-widget elementor-widget-wpforms\" data-id=\"8fd6dcc\" data-element_type=\"widget\" data-e-type=\"widget\" data-widget_type=\"wpforms.default\">\n\t\t\t\t<div class=\"elementor-widget-container\">\n\t\t\t\t\t<style id=\"wpforms-css-vars-elementor-widget-8fd6dcc\">\n\t\t\t\t.elementor-widget-wpforms.elementor-element-8fd6dcc {\n\t\t\t\t--wpforms-field-background-color: #FFFFFF;\n--wpforms-button-background-color: #1a6c7a;\n\t\t\t}\n\t\t\t<\/style><div class=\"wpforms-container wpforms-container-full wpforms-render-modern\" id=\"wpforms-2800\"><form id=\"wpforms-form-2800\" class=\"wpforms-validate wpforms-form wpforms-ajax-form\" data-formid=\"2800\" method=\"post\" enctype=\"multipart\/form-data\" action=\"\/index.php?rest_route=%2Fwp%2Fv2%2Fpages%2F2825\" data-token=\"b5b3e6359c20b052a024f4536ca94755\" data-token-time=\"1776653780\"><noscript class=\"wpforms-error-noscript\">Bitte aktiviere JavaScript in deinem Browser, um dieses Formular fertigzustellen.<\/noscript><div id=\"wpforms-error-noscript\" style=\"display: none;\">Bitte aktiviere JavaScript in deinem Browser, um dieses Formular fertigzustellen.<\/div><div class=\"wpforms-field-container\"><div id=\"wpforms-2800-field_2-container\" class=\"wpforms-field wpforms-field-text\" data-field-id=\"2\"><label class=\"wpforms-field-label\" for=\"wpforms-2800-field_2\">Teamname <span class=\"wpforms-required-label\" aria-hidden=\"true\">*<\/span><\/label><input type=\"text\" id=\"wpforms-2800-field_2\" class=\"wpforms-field-medium wpforms-field-required\" name=\"wpforms[fields][2]\" aria-errormessage=\"wpforms-2800-field_2-error\" required><\/div><div id=\"wpforms-2800-field_4-container\" class=\"wpforms-field wpforms-field-number\" data-field-id=\"4\"><label class=\"wpforms-field-label\" for=\"wpforms-2800-field_4\">Teamgr\u00f6\u00dfe <span class=\"wpforms-required-label\" aria-hidden=\"true\">*<\/span><\/label><input type=\"number\" id=\"wpforms-2800-field_4\" class=\"wpforms-field-medium wpforms-field-required\" name=\"wpforms[fields][4]\" step=\"any\" aria-errormessage=\"wpforms-2800-field_4-error\" required><\/div><div id=\"wpforms-2800-field_5-container\" class=\"wpforms-field wpforms-field-email\" data-field-id=\"5\"><label class=\"wpforms-field-label\" for=\"wpforms-2800-field_5\">E-Mail-Adresse <span class=\"wpforms-required-label\" aria-hidden=\"true\">*<\/span><\/label><input type=\"email\" id=\"wpforms-2800-field_5\" class=\"wpforms-field-medium wpforms-field-required\" name=\"wpforms[fields][5]\" spellcheck=\"false\" aria-errormessage=\"wpforms-2800-field_5-error\" required><\/div><div id=\"wpforms-2800-field_7-container\" class=\"wpforms-field wpforms-field-textarea\" data-field-id=\"7\"><label class=\"wpforms-field-label\" for=\"wpforms-2800-field_7\">Teambeschreibung<\/label><textarea id=\"wpforms-2800-field_7\" class=\"wpforms-field-medium\" name=\"wpforms[fields][7]\" aria-errormessage=\"wpforms-2800-field_7-error\" ><\/textarea><\/div>\t\t<div id=\"wpforms-2800-field_1-container\"\n\t\t\tclass=\"wpforms-field wpforms-field-text\"\n\t\t\tdata-field-type=\"text\"\n\t\t\tdata-field-id=\"1\"\n\t\t\t>\n\t\t\t<label class=\"wpforms-field-label\" for=\"wpforms-2800-field_1\" >Teamgr\u00f6\u00dfe Teambeschreibung Anmeldegeb\u00fchren<\/label>\n\t\t\t<input type=\"text\" id=\"wpforms-2800-field_1\" class=\"wpforms-field-medium\" name=\"wpforms[fields][1]\" >\n\t\t<\/div>\n\t\t<div id=\"wpforms-2800-field_3-container\" class=\"wpforms-field wpforms-field-textarea\" data-field-id=\"3\"><label class=\"wpforms-field-label\" for=\"wpforms-2800-field_3\">Kommentar<\/label><textarea id=\"wpforms-2800-field_3\" class=\"wpforms-field-medium\" name=\"wpforms[fields][3]\" aria-errormessage=\"wpforms-2800-field_3-error\" ><\/textarea><\/div><div id=\"wpforms-2800-field_8-container\" class=\"wpforms-field wpforms-field-checkbox\" data-field-id=\"8\"><fieldset><legend class=\"wpforms-field-label\">Anmeldegeb\u00fchren <span class=\"wpforms-required-label\" aria-hidden=\"true\">*<\/span><\/legend><ul id=\"wpforms-2800-field_8\" class=\"wpforms-field-required\"><li class=\"choice-1 depth-1\"><input type=\"checkbox\" id=\"wpforms-2800-field_8_1\" name=\"wpforms[fields][8][]\" value=\"Ich nehme zur Kenntnis, dass meine Anmeldung erst mit vollst\u00e4ndigem Zahlungseingang des Startgeldes i.H.v 45\u20ac pro Team verbindlich wird. Das Startgeld ist vor Turnierbeginn ausschlie\u00dflich per \u00dcberweisung zu entrichten. Eine Teilnahme ohne vorherige Zahlung ist ausgeschlossen. Eine Stornierung ist m\u00f6glich; ma\u00dfgeblich sind die Regelungen in den Teilnahmebedingungen (siehe unten)\" aria-errormessage=\"wpforms-2800-field_8_1-error\" required ><label class=\"wpforms-field-label-inline\" for=\"wpforms-2800-field_8_1\">Ich nehme zur Kenntnis, dass meine Anmeldung erst mit vollst\u00e4ndigem Zahlungseingang des Startgeldes i.H.v 45\u20ac pro Team verbindlich wird. Das Startgeld ist vor Turnierbeginn ausschlie\u00dflich per \u00dcberweisung zu entrichten. Eine Teilnahme ohne vorherige Zahlung ist ausgeschlossen. Eine Stornierung ist m\u00f6glich; ma\u00dfgeblich sind die Regelungen in den Teilnahmebedingungen (siehe unten)<\/label><\/li><\/ul><\/fieldset><\/div><div id=\"wpforms-2800-field_9-container\" class=\"wpforms-field wpforms-field-checkbox\" data-field-id=\"9\"><fieldset><legend class=\"wpforms-field-label\">Teilnahmebedingungen <span class=\"wpforms-required-label\" aria-hidden=\"true\">*<\/span><\/legend><ul id=\"wpforms-2800-field_9\" class=\"wpforms-field-required\"><li class=\"choice-1 depth-1\"><input type=\"checkbox\" id=\"wpforms-2800-field_9_1\" name=\"wpforms[fields][9][]\" value=\"Ich und mein Team haben die Teilnahmebedingungen gelesen und akzeptiert.\" aria-errormessage=\"wpforms-2800-field_9_1-error\" required ><label class=\"wpforms-field-label-inline\" for=\"wpforms-2800-field_9_1\">Ich und mein Team haben die Teilnahmebedingungen gelesen und akzeptiert.<\/label><\/li><\/ul><\/fieldset><\/div><script>\n\t\t\t\t( function() {\n\t\t\t\t\tconst style = document.createElement( 'style' );\n\t\t\t\t\tstyle.appendChild( document.createTextNode( '#wpforms-2800-field_1-container { position: absolute !important; overflow: hidden !important; display: inline !important; height: 1px !important; width: 1px !important; z-index: -1000 !important; padding: 0 !important; } #wpforms-2800-field_1-container input { visibility: hidden; } #wpforms-conversational-form-page #wpforms-2800-field_1-container label { counter-increment: none; }' ) );\n\t\t\t\t\tdocument.head.appendChild( style );\n\t\t\t\t\tdocument.currentScript?.remove();\n\t\t\t\t} )();\n\t\t\t<\/script><\/div><!-- .wpforms-field-container --><div class=\"wpforms-submit-container\" ><input type=\"hidden\" name=\"wpforms[id]\" value=\"2800\"><input type=\"hidden\" name=\"page_title\" value=\"\"><input type=\"hidden\" name=\"page_url\" value=\"https:\/\/www.sg-eiche.de\/index.php?rest_route=\/wp\/v2\/pages\/2825\"><input type=\"hidden\" name=\"url_referer\" value=\"\"><button type=\"submit\" name=\"wpforms[submit]\" id=\"wpforms-submit-2800\" class=\"wpforms-submit\" data-alt-text=\"Wird gesendet\u00a0\u2026\" data-submit-text=\"Absenden\" aria-live=\"assertive\" value=\"wpforms-submit\">Absenden<\/button><img decoding=\"async\" src=\"https:\/\/www.sg-eiche.de\/wp-content\/plugins\/wpforms-lite\/assets\/images\/submit-spin.svg\" class=\"wpforms-submit-spinner\" style=\"display: none;\" width=\"26\" height=\"26\" alt=\"Wird geladen\"><\/div><\/form><\/div>  <!-- .wpforms-container -->\t\t\t\t<\/div>\n\t\t\t\t<\/div>\n\t\t\t\t\t<\/div>\n\t\t<\/div>\n\t\t\t\t\t<\/div>\n\t\t<\/section>\n\t\t\t\t<section class=\"elementor-section elementor-top-section elementor-element elementor-element-e3b4c0e elementor-section-boxed elementor-section-height-default elementor-section-height-default\" data-id=\"e3b4c0e\" data-element_type=\"section\" data-e-type=\"section\">\n\t\t\t\t\t\t<div class=\"elementor-container elementor-column-gap-default\">\n\t\t\t\t\t<div class=\"elementor-column elementor-col-100 elementor-top-column elementor-element elementor-element-15965fe\" data-id=\"15965fe\" data-element_type=\"column\" data-e-type=\"column\">\n\t\t\t<div class=\"elementor-widget-wrap elementor-element-populated\">\n\t\t\t\t\t\t<div class=\"elementor-element elementor-element-7796b47 elementor-widget elementor-widget-button\" data-id=\"7796b47\" data-element_type=\"widget\" data-e-type=\"widget\" data-widget_type=\"button.default\">\n\t\t\t\t<div class=\"elementor-widget-container\">\n\t\t\t\t\t\t\t\t\t<div class=\"elementor-button-wrapper\">\n\t\t\t\t\t<a class=\"elementor-button elementor-button-link elementor-size-sm\" href=\"https:\/\/www.sg-eiche.de\/wp-content\/uploads\/2026\/03\/Teilnahmebedingungen_SiedlerCup_2026.pdf\" target=\"_blank\">\n\t\t\t\t\t\t<span class=\"elementor-button-content-wrapper\">\n\t\t\t\t\t\t\t\t\t<span class=\"elementor-button-text\">Teilnahmebedingungen<\/span>\n\t\t\t\t\t<\/span>\n\t\t\t\t\t<\/a>\n\t\t\t\t<\/div>\n\t\t\t\t\t\t\t\t<\/div>\n\t\t\t\t<\/div>\n\t\t\t\t\t<\/div>\n\t\t<\/div>\n\t\t\t\t\t<\/div>\n\t\t<\/section>\n\t\t\t\t<\/div>\n\t\t","protected":false},"excerpt":{"rendered":"<p>Anmeldung Siedlercup 2026 Neuerung in diesem Jahr: Es gibt 16 Startpl\u00e4tze, der Turnierplan steht daher schon fest.Gespielt wird auf 3 [&hellip;]<\/p>\n","protected":false},"author":8,"featured_media":0,"parent":9,"menu_order":0,"comment_status":"closed","ping_status":"closed","template":"","meta":{"site-sidebar-layout":"no-sidebar","site-content-layout":"page-builder","ast-site-content-layout":"full-width-container","site-content-style":"unboxed","site-sidebar-style":"unboxed","ast-global-header-display":"","ast-banner-title-visibility":"","ast-main-header-display":"","ast-hfb-above-header-display":"","ast-hfb-below-header-display":"","ast-hfb-mobile-header-display":"","site-post-title":"disabled","ast-breadcrumbs-content":"","ast-featured-img":"","footer-sml-layout":"","ast-disable-related-posts":"","theme-transparent-header-meta":"enabled","adv-header-id-meta":"","stick-header-meta":"","header-above-stick-meta":"","header-main-stick-meta":"","header-below-stick-meta":"","astra-migrate-meta-layouts":"set","ast-page-background-enabled":"default","ast-page-background-meta":{"desktop":{"background-color":"var(--ast-global-color-4)","background-image":"","background-repeat":"repeat","background-position":"center center","background-size":"auto","background-attachment":"scroll","background-type":"","background-media":"","overlay-type":"","overlay-color":"","overlay-opacity":"","overlay-gradient":""},"tablet":{"background-color":"","background-image":"","background-repeat":"repeat","background-position":"center center","background-size":"auto","background-attachment":"scroll","background-type":"","background-media":"","overlay-type":"","overlay-color":"","overlay-opacity":"","overlay-gradient":""},"mobile":{"background-color":"","background-image":"","background-repeat":"repeat","background-position":"center center","background-size":"auto","background-attachment":"scroll","background-type":"","background-media":"","overlay-type":"","overlay-color":"","overlay-opacity":"","overlay-gradient":""}},"ast-content-background-meta":{"desktop":{"background-color":"var(--ast-global-color-5)","background-image":"","background-repeat":"repeat","background-position":"center center","background-size":"auto","background-attachment":"scroll","background-type":"","background-media":"","overlay-type":"","overlay-color":"","overlay-opacity":"","overlay-gradient":""},"tablet":{"background-color":"var(--ast-global-color-5)","background-image":"","background-repeat":"repeat","background-position":"center center","background-size":"auto","background-attachment":"scroll","background-type":"","background-media":"","overlay-type":"","overlay-color":"","overlay-opacity":"","overlay-gradient":""},"mobile":{"background-color":"var(--ast-global-color-5)","background-image":"","background-repeat":"repeat","background-position":"center center","background-size":"auto","background-attachment":"scroll","background-type":"","background-media":"","overlay-type":"","overlay-color":"","overlay-opacity":"","overlay-gradient":""}},"footnotes":""},"class_list":["post-2825","page","type-page","status-publish","hentry"],"aioseo_notices":[],"_links":{"self":[{"href":"https:\/\/www.sg-eiche.de\/index.php?rest_route=\/wp\/v2\/pages\/2825","targetHints":{"allow":["GET"]}}],"collection":[{"href":"https:\/\/www.sg-eiche.de\/index.php?rest_route=\/wp\/v2\/pages"}],"about":[{"href":"https:\/\/www.sg-eiche.de\/index.php?rest_route=\/wp\/v2\/types\/page"}],"author":[{"embeddable":true,"href":"https:\/\/www.sg-eiche.de\/index.php?rest_route=\/wp\/v2\/users\/8"}],"replies":[{"embeddable":true,"href":"https:\/\/www.sg-eiche.de\/index.php?rest_route=%2Fwp%2Fv2%2Fcomments&post=2825"}],"version-history":[{"count":23,"href":"https:\/\/www.sg-eiche.de\/index.php?rest_route=\/wp\/v2\/pages\/2825\/revisions"}],"predecessor-version":[{"id":3232,"href":"https:\/\/www.sg-eiche.de\/index.php?rest_route=\/wp\/v2\/pages\/2825\/revisions\/3232"}],"up":[{"embeddable":true,"href":"https:\/\/www.sg-eiche.de\/index.php?rest_route=\/wp\/v2\/pages\/9"}],"wp:attachment":[{"href":"https:\/\/www.sg-eiche.de\/index.php?rest_route=%2Fwp%2Fv2%2Fmedia&parent=2825"}],"curies":[{"name":"wp","href":"https:\/\/api.w.org\/{rel}","templated":true}]}}